{"id":1334,"date":"2017-11-01T23:38:41","date_gmt":"2017-11-02T01:38:41","guid":{"rendered":"https:\/\/nitt.ufcg.edu.br\/?page_id=1334"},"modified":"2021-12-02T19:10:56","modified_gmt":"2021-12-02T22:10:56","slug":"obitec","status":"publish","type":"page","link":"https:\/\/nitt.ufcg.edu.br\/?page_id=1334","title":{"rendered":"Observat\u00f3rio de Intelig\u00eancia Tecnol\u00f3gica &#8211; OBITEC"},"content":{"rendered":"<p style=\"text-align: justify;\">O <em><strong>Observat\u00f3rio de Intelig\u00eancia Tecnol\u00f3gica (OBITEC\/UFCG)<\/strong><\/em> \u00e9 uma iniciativa gerada na UFCG devido \u00e0 necessidade atual de apoio \u00e0 gest\u00e3o da inova\u00e7\u00e3o no <strong>N\u00facleo de Inova\u00e7\u00e3o e Transfer\u00eancia de Tecnologia \u2013 NITT<\/strong> da Universidade Federal de Campina Grande. O Projeto tem como principal apoio o <span style=\"color: #000000;\"><a style=\"color: #000000;\" href=\"https:\/\/www.virtus.ufcg.edu.br\/\"><strong>VIRTUS<\/strong> \u2013 N\u00facleo de Pesquisa, Desenvolvimento e Inova\u00e7\u00e3o em Tecnologia da Informa\u00e7\u00e3o, Comunica\u00e7\u00e3o e Automa\u00e7\u00e3o<\/a><\/span> \u2013 que \u00e9 um \u00f3rg\u00e3o suplementar da Universidade Federal de Campina Grande (<strong>UFCG<\/strong>) vinculado ao Centro de Engenharia El\u00e9trica e Inform\u00e1tica (CEEI).<\/p>\n<p style=\"text-align: justify;\"><div class=\"row\">\n<div class=\"col-md-6\">\n<p style=\"text-align: justify;\"><img loading=\"lazy\" decoding=\"async\" class=\"alignnone wp-image-1950 size-large\" src=\"https:\/\/nitt.ufcg.edu.br\/wp-content\/uploads\/2019\/11\/OBITEC_VIRTUS-1024x531.png\" alt=\"\" width=\"640\" height=\"332\" srcset=\"https:\/\/nitt.ufcg.edu.br\/wp-content\/uploads\/2019\/11\/OBITEC_VIRTUS-1024x531.png 1024w, https:\/\/nitt.ufcg.edu.br\/wp-content\/uploads\/2019\/11\/OBITEC_VIRTUS-300x155.png 300w, https:\/\/nitt.ufcg.edu.br\/wp-content\/uploads\/2019\/11\/OBITEC_VIRTUS-768x398.png 768w, https:\/\/nitt.ufcg.edu.br\/wp-content\/uploads\/2019\/11\/OBITEC_VIRTUS.png 1669w\" sizes=\"auto, (max-width: 640px) 100vw, 640px\" \/><\/p>\n<p style=\"text-align: justify;\"><\/div>\n<div class=\"col-md-6\">\n<p style=\"text-align: justify;\"><img loading=\"lazy\" decoding=\"async\" class=\"alignnone wp-image-1486 size-large\" src=\"https:\/\/nitt.ufcg.edu.br\/wp-content\/uploads\/2017\/11\/diagrama-1-1024x697.png\" alt=\"diagrama\" width=\"640\" height=\"436\" srcset=\"https:\/\/nitt.ufcg.edu.br\/wp-content\/uploads\/2017\/11\/diagrama-1-1024x697.png 1024w, https:\/\/nitt.ufcg.edu.br\/wp-content\/uploads\/2017\/11\/diagrama-1-300x204.png 300w, https:\/\/nitt.ufcg.edu.br\/wp-content\/uploads\/2017\/11\/diagrama-1-768x523.png 768w, https:\/\/nitt.ufcg.edu.br\/wp-content\/uploads\/2017\/11\/diagrama-1.png 1677w\" sizes=\"auto, (max-width: 640px) 100vw, 640px\" \/><\/p>\n<\/div><\/div>\n<p style=\"text-align: justify;\">A cria\u00e7\u00e3o de iniciativas como a de um observat\u00f3rio de intelig\u00eancia tecnol\u00f3gicas permitir\u00e1 levar a institui\u00e7\u00e3o a um novo patamar de apoio ao desenvolvimento tecnol\u00f3gico, atendendo ao setor produtivo nas suas demandas de gera\u00e7\u00e3o de tecnologias. O investimento nessa proposta possibilitar\u00e1 melhorar os \u00edndices de desenvolvimento tecnol\u00f3gico, aumentando a visibilidade externa da institui\u00e7\u00e3o, permitindo a cria\u00e7\u00e3o de novos canais entre o setor produtivo e a academia, resultando em mais investimentos em pesquisa e tamb\u00e9m o desenvolvimento, com melhoria na infraestrutura, e de forma indireta contribuindo para melhoria do ensino, pesquisa e extens\u00e3o dessa institui\u00e7\u00e3o.<\/p>\n<p style=\"text-align: justify;\">As etapas de atua\u00e7\u00e3o do Observat\u00f3rio podem ser compreendida na Figura abaixo:<\/p>\n<p style=\"text-align: justify;\"><div class=\"row\">\n<div class=\"col-md-2\">\n<p style=\"text-align: justify;\"><\/div>\n<div class=\"col-md-8\">\n<p style=\"text-align: justify;\"><img loading=\"lazy\" decoding=\"async\" class=\"aligncenter wp-image-1543 size-full\" src=\"https:\/\/nitt.ufcg.edu.br\/wp-content\/uploads\/2017\/11\/Etapas_OBITEC.png\" alt=\"etapas_obitec\" width=\"1084\" height=\"639\" srcset=\"https:\/\/nitt.ufcg.edu.br\/wp-content\/uploads\/2017\/11\/Etapas_OBITEC.png 1084w, https:\/\/nitt.ufcg.edu.br\/wp-content\/uploads\/2017\/11\/Etapas_OBITEC-300x177.png 300w, https:\/\/nitt.ufcg.edu.br\/wp-content\/uploads\/2017\/11\/Etapas_OBITEC-768x453.png 768w, https:\/\/nitt.ufcg.edu.br\/wp-content\/uploads\/2017\/11\/Etapas_OBITEC-1024x604.png 1024w\" sizes=\"auto, (max-width: 1084px) 100vw, 1084px\" \/><\/p>\n<p style=\"text-align: justify;\"><\/div>\n<div class=\"col-md-2\">\n<p style=\"text-align: justify;\"><\/div><\/div>\n<p style=\"text-align: justify;\">A partir de Janeiro de 2018 estaremos realizando o levantamento de estado da t\u00e9cnica pesquisas cient\u00edficas para avalia\u00e7\u00e3o do potencial de gera\u00e7\u00e3o de tecnologia.<a href=\"https:\/\/nitt.ufcg.edu.br\/wp-content\/uploads\/2018\/01\/FORMULARIO_OBITEC_V1.docx\"><span style=\"color: #0000ff;\"><strong> Baixe o formul\u00e1rio e envie para avalia\u00e7\u00e3o no OBITEC<\/strong><\/span><\/a>.<\/p>\n<hr \/>\n<p style=\"text-align: center;\">Baixar Formul\u00e1rio de solicita\u00e7\u00e3o<\/p>\n<p style=\"text-align: center;\"><a href=\"https:\/\/nitt.ufcg.edu.br\/wp-content\/uploads\/2018\/01\/FORMULARIO_OBITEC_V1.docx\" class=\"btn btn-primary btn-lg\"> &lt;&lt; Download &gt;&gt; <\/a>\n<p style=\"text-align: center;\"><strong><span style=\"color: #0000ff;\">Ap\u00f3s o preenchimento envie o formul\u00e1rio para o e-mail: nitt@eq.ufcg.edu.br<\/span><\/strong><\/p>\n<p style=\"text-align: center;\"><span style=\"color: #ff0000;\"><strong>(Estamos ajustando o sistema de envio online!!!)<\/strong><\/span><\/p>\n<hr \/>\n<p style=\"text-align: justify;\"><strong>INTELIG\u00caNCIA TECNOL\u00d3GICA<\/strong><\/p>\n<p style=\"text-align: justify;\">Busca fornecer informa\u00e7\u00f5es \u00e0 academia e \u00e0 ind\u00fastria para apoiar a tomada de decis\u00f5es:<\/p>\n<ul style=\"text-align: justify;\">\n<li>no \u00e2mbito de um projeto de pesquisa aplicada,<\/li>\n<li>de desenvolvimento tecnol\u00f3gico, ou<\/li>\n<li>quando se busca proteger uma propriedade industrial de uma tecnologia desenvolvida na institui\u00e7\u00e3o.<\/li>\n<\/ul>\n<p style=\"text-align: justify;\"><strong>REALIZA\u00c7\u00c3O DE:<\/strong><\/p>\n<ul style=\"text-align: justify;\">\n<li>estudos como estado da t\u00e9cnica,<\/li>\n<li>revisar documentos de patentes para determinar a novidade de uma inven\u00e7\u00e3o;<\/li>\n<li>estudos de potencial de mercado para validar a comercialidade das tecnologias;<\/li>\n<\/ul>\n<hr \/>\n<p style=\"text-align: justify;\"><strong>MONITORAMENTO TECNOL\u00d3GICO<\/strong><\/p>\n<p style=\"text-align: justify;\"><div class=\"row\">\n<div class=\"col-md-6\">\n<p style=\"text-align: justify;\">Estudo detalhado sobre as tend\u00eancias que respondem a quem, como e onde as tecnologias de interesse s\u00e3o produzidas, al\u00e9m daqueles que as exploram comercialmente;<\/p>\n<p style=\"text-align: justify;\">O OBITEC disponibilizar\u00e1 \u00e0 comunidade ACAD\u00caMICA\u00a0 e ao SETOR PRODUTIVO informa\u00e7\u00f5es que buscam facilitar e enriquecer a pesquisa aplicada e o desenvolvimento de tecnologia.<\/p>\n<p style=\"text-align: justify;\"><\/div>\n<div class=\"col-md-6\">\n<p style=\"text-align: justify;\"><a href=\"https:\/\/nitt.ufcg.edu.br\/wp-content\/uploads\/2017\/11\/int_tec-1024x605.png\"><img loading=\"lazy\" decoding=\"async\" class=\"aligncenter wp-image-293 size-full\" src=\"https:\/\/nitt.ufcg.edu.br\/wp-content\/uploads\/2017\/11\/int_tec-1024x605.png\" alt=\"Competncias_Nitt\" width=\"943\" height=\"647\" \/><\/a><\/p>\n<p style=\"text-align: justify;\"><\/div><\/div>\n<hr \/>\n<p style=\"text-align: justify;\"><strong>METODOLOGIAS E FERRAMENTAS<\/strong><\/p>\n<p style=\"text-align: justify;\"><div class=\"row\">\n<div class=\"col-md-12\">\n<p style=\"text-align: justify;\"><strong><em>TECH MINING<\/em> \u2013 MINERA\u00c7\u00c3O TECNOL\u00d3GICA<\/strong><\/p>\n<p style=\"text-align: justify;\">Metodologias para explorar informa\u00e7\u00f5es sobre tecnologias emergentes para informar a gest\u00e3o de tecnologia. Resultados de minera\u00e7\u00e3o de tecnologia (4 Ps) e an\u00e1lise da tecnologia.<\/p>\n<p style=\"text-align: justify;\"><b><em>TECHNOLOGY ROADMAPPING<\/em> (TRM) <\/b><\/p>\n<p style=\"text-align: justify;\">M\u00e9todo de gerenciamento usado para suportar o planejamento estrat\u00e9gico tecnol\u00f3gico da empresa. Auxilia na estrutura\u00e7\u00e3o, desdobramento, comunica\u00e7\u00e3o e estabelecimento da vis\u00e3o de futuro da organiza\u00e7\u00e3o e na sua integra\u00e7\u00e3o com os planos de mercado, produto e tecnologia.<\/p>\n<p style=\"text-align: justify;\"><\/div><\/div>\n<p style=\"text-align: justify;\"><div class=\"row\">\n<p><strong>CICLO DE INTELIGENCIA TECNOL\u00d3GICA<\/strong><br \/>\n<div class=\"col-md-6\">\n<p><img loading=\"lazy\" decoding=\"async\" class=\"alignnone wp-image-1335 size-large\" src=\"https:\/\/nitt.ufcg.edu.br\/wp-content\/uploads\/2017\/11\/ciclo_int-1024x705.png\" alt=\"ciclo_int\" width=\"640\" height=\"441\" srcset=\"https:\/\/nitt.ufcg.edu.br\/wp-content\/uploads\/2017\/11\/ciclo_int-1024x705.png 1024w, https:\/\/nitt.ufcg.edu.br\/wp-content\/uploads\/2017\/11\/ciclo_int-300x207.png 300w, https:\/\/nitt.ufcg.edu.br\/wp-content\/uploads\/2017\/11\/ciclo_int-768x529.png 768w, https:\/\/nitt.ufcg.edu.br\/wp-content\/uploads\/2017\/11\/ciclo_int.png 1544w\" sizes=\"auto, (max-width: 640px) 100vw, 640px\" \/><br \/>\n<\/div>\n<div class=\"col-md-6\">\n<p><img loading=\"lazy\" decoding=\"async\" class=\"alignnone wp-image-1338 size-full\" src=\"https:\/\/nitt.ufcg.edu.br\/wp-content\/uploads\/2017\/11\/met_prosp.png\" alt=\"met_prosp\" width=\"928\" height=\"699\" srcset=\"https:\/\/nitt.ufcg.edu.br\/wp-content\/uploads\/2017\/11\/met_prosp.png 928w, https:\/\/nitt.ufcg.edu.br\/wp-content\/uploads\/2017\/11\/met_prosp-300x226.png 300w, https:\/\/nitt.ufcg.edu.br\/wp-content\/uploads\/2017\/11\/met_prosp-768x578.png 768w, https:\/\/nitt.ufcg.edu.br\/wp-content\/uploads\/2017\/11\/met_prosp-285x214.png 285w\" sizes=\"auto, (max-width: 928px) 100vw, 928px\" \/><\/p>\n<\/div><\/div>\n<hr \/>\n<div class=\"su-vimeo su-u-responsive-media-yes\"><iframe loading=\"lazy\" width=\"600\" height=\"400\" src=\"\/\/player.vimeo.com\/video\/244749300?title=0&amp;byline=0&amp;portrait=0&amp;color=ffffff&amp;autoplay=0&amp;dnt=0&amp;muted=0&amp;texttrack=\" frameborder=\"0\" allow=\"autoplay; fullscreen\" allowfullscreen title=\"\"><\/iframe><\/div>\n","protected":false},"excerpt":{"rendered":"<p>O Observat\u00f3rio de Intelig\u00eancia Tecnol\u00f3gica (OBITEC\/UFCG) \u00e9 uma iniciativa gerada na UFCG devido \u00e0 necessidade atual de apoio \u00e0 gest\u00e3o da inova\u00e7\u00e3o no N\u00facleo de Inova\u00e7\u00e3o e Transfer\u00eancia de Tecnologia \u2013 NITT da Universidade Federal de Campina Grande. O Projeto tem como principal apoio o VIRTUS \u2013 N\u00facleo de Pesquisa, Desenvolvimento e Inova\u00e7\u00e3o em Tecnologia<a href=\"https:\/\/nitt.ufcg.edu.br\/?page_id=1334\">[&#8230;]<\/a><\/p>\n","protected":false},"author":1,"featured_media":0,"parent":0,"menu_order":0,"comment_status":"closed","ping_status":"closed","template":"template-fullwidth.php","meta":{"footnotes":""},"class_list":["post-1334","page","type-page","status-publish","hentry"],"_links":{"self":[{"href":"https:\/\/nitt.ufcg.edu.br\/index.php?rest_route=\/wp\/v2\/pages\/1334","targetHints":{"allow":["GET"]}}],"collection":[{"href":"https:\/\/nitt.ufcg.edu.br\/index.php?rest_route=\/wp\/v2\/pages"}],"about":[{"href":"https:\/\/nitt.ufcg.edu.br\/index.php?rest_route=\/wp\/v2\/types\/page"}],"author":[{"embeddable":true,"href":"https:\/\/nitt.ufcg.edu.br\/index.php?rest_route=\/wp\/v2\/users\/1"}],"replies":[{"embeddable":true,"href":"https:\/\/nitt.ufcg.edu.br\/index.php?rest_route=%2Fwp%2Fv2%2Fcomments&post=1334"}],"version-history":[{"count":90,"href":"https:\/\/nitt.ufcg.edu.br\/index.php?rest_route=\/wp\/v2\/pages\/1334\/revisions"}],"predecessor-version":[{"id":2283,"href":"https:\/\/nitt.ufcg.edu.br\/index.php?rest_route=\/wp\/v2\/pages\/1334\/revisions\/2283"}],"wp:attachment":[{"href":"https:\/\/nitt.ufcg.edu.br\/index.php?rest_route=%2Fwp%2Fv2%2Fmedia&parent=1334"}],"curies":[{"name":"wp","href":"https:\/\/api.w.org\/{rel}","templated":true}]}}