{"id":1434,"date":"2017-11-17T09:58:23","date_gmt":"2017-11-17T11:58:23","guid":{"rendered":"https:\/\/nitt.ufcg.edu.br\/?page_id=1434"},"modified":"2017-12-09T18:52:06","modified_gmt":"2017-12-09T20:52:06","slug":"conveniospd","status":"publish","type":"page","link":"https:\/\/nitt.ufcg.edu.br\/?page_id=1434","title":{"rendered":"Conv\u00eanios de P&#038;D"},"content":{"rendered":"<p style=\"text-align: justify;\"><strong>O QUE \u00c9 UM CONV\u00caNIO P&amp;D?<\/strong><\/p>\n<p style=\"text-align: justify;\">\u00a0\u00c9 documento jur\u00eddico que define as condi\u00e7\u00f5es da parceria entre os part\u00edcipes (ICT,s e Empresas, ou entre ICT\u00b4s).<\/p>\n<p style=\"text-align: justify;\"><strong>DIFEREN\u00c7A ENTRE CONTRATO E CONV\u00caNIO: <\/strong><\/p>\n<p style=\"text-align: justify;\"><strong>A lei n\u00ba 8.666<\/strong>, de <strong>21-06-1993 <\/strong>(Lei de Licita\u00e7\u00f5es e Contratos P\u00fablicos), em seu art. 2\u00ba, par\u00e1grafo \u00fanico, <strong>considera CONTRATO<\/strong> \u2015 \u201ctodo e qualquer ajuste entre <strong>\u00f3rg\u00e3os ou entidades da Administra\u00e7\u00e3o P\u00fablica e particulares<\/strong>, em que haja um <strong>acordo de vontade para a forma\u00e7\u00e3o de v\u00ednculo e a <u>estipula\u00e7\u00e3o de obriga\u00e7\u00f5es rec\u00edprocas<\/u><\/strong>, seja qual for a denomina\u00e7\u00e3o utilizado\u201d.<\/p>\n<p style=\"text-align: justify;\">J\u00e1 o<strong> CONV\u00caNIO<\/strong> tem como caracter\u00edstica marcante o fato de que<strong> todos os envolvidos est\u00e3o juntos para alcan\u00e7ar determinado <u>objetivo comum<\/u><\/strong>, <strong>n\u00e3o existindo entre os part\u00edcipes interesses contrapostos<\/strong>, como h\u00e1 no contrato (obriga\u00e7\u00f5es rec\u00edprocas).<\/p>\n<p style=\"text-align: justify;\">Segundo a cartilha sobre conv\u00eanios e aplica\u00e7\u00e3o da Lei de Inova\u00e7\u00e3o da Advocacia-Geral da Uni\u00e3o e da Consultoria Geral da Uni\u00e3o (<a href=\"http:\/\/www.agu.gov.br\/page\/download\/index\/id\/4269036\">LINK<\/a>):<\/p>\n<p style=\"text-align: justify; padding-left: 180px;\">\u201cEm um <strong>CONTRATO<\/strong> &#8230; os objetos almejados por cada um <strong>s\u00e3o diversos<\/strong>, raz\u00e3o pela qual os sujeitos da obriga\u00e7\u00e3o s\u00e3o denominados de <strong>partes<\/strong>.<\/p>\n<p style=\"text-align: justify; padding-left: 180px;\">&#8230; <strong>a posi\u00e7\u00e3o jur\u00eddica dos participantes<\/strong> de um <strong>CONV\u00caNIO<\/strong> <strong>\u00e9 id\u00eantica para todos<\/strong>, pois t\u00eam interesses comuns e coincidentes, <strong>h\u00e1 coopera\u00e7\u00e3o entre eles<\/strong>.\u201d<\/p>\n<p style=\"text-align: justify;\">Nesse sentido <strong>Ivan Barbosa Rigolin<\/strong><a href=\"#_ftn1\" name=\"_ftnref1\">[1]<\/a> ao destacar as duas fundamentais diferen\u00e7as jur\u00eddicas entre conv\u00eanios e contratos:<\/p>\n<p style=\"text-align: justify; padding-left: 180px;\">\u201c1\u00aa) Os contratos contrap\u00f5em os interesses das partes quanto ao objeto. Em qualquer contrato os interesses dos contratantes andam em dire\u00e7\u00e3o oposta &#8230;\u201d<\/p>\n<p style=\"text-align: justify; padding-left: 180px;\">Nos conv\u00eanios, por outro lado, os interesses das partes convenentes se resumem a um s\u00f3 e ao mesmo, convergindo absoluta e inteiramente para um s\u00f3 objetivo\u201d.<\/p>\n<p style=\"text-align: justify;\"><strong>TIPOS DE CONV\u00caNIOS<\/strong><\/p>\n<p style=\"text-align: justify;\">H\u00e1 conv\u00eanios <strong>sem repasse de recursos financeiros,<\/strong> <strong>com repasse<\/strong>, <strong>de coopera\u00e7\u00e3o t\u00e9cnica<\/strong> etc, cada qual submetido a uma legisla\u00e7\u00e3o pr\u00f3pria ou espec\u00edfica, atendendo sempre \u00e0s balizas do <strong>Art. 116 da Lei n\u00ba 8.666\/1993.<\/strong><\/p>\n<p style=\"text-align: justify;\"><a href=\"#_ftnref1\" name=\"_ftn1\">[1]<\/a> \u201c<em>in<\/em> Artigo: Desmitificando os Conv\u00eanios. CD-Z\u00eanite. Revista ILC 2000 a 2006. Doutrina \u2013 673\/150\/AGO\/2006\u201d.<\/p>\n<p style=\"text-align: justify;\"><strong>VIS\u00c3O GERAL SOBRE CELEBRA\u00c7\u00c3O DE CONV\u00caNIO P&amp;D<\/strong><\/p>\n<p style=\"text-align: justify;\">A celebra\u00e7\u00e3o de conv\u00eanio entre a UFCG e Empresas ou ICT\u00b4s, \u00e9 regulamentada pela Lei\u00a0 N\u00ba 10.973\/2004 <a href=\"https:\/\/www.planalto.gov.br\/ccivil_03\/_Ato2004-2006\/2004\/Lei\/L10.973.htm\">(Lei da Inova\u00e7\u00e3o)<\/a>, o <a href=\"http:\/\/www.planalto.gov.br\/ccivil_03\/_ato2004-2006\/2005\/Decreto\/D5563.htm\" target=\"_blank\">Decreto 5.563\/05 (Regulamenta a Lei de Inova\u00e7\u00e3o),<\/a> assim como tamb\u00e9m a Lei N\u00ba 13.423\/2016 (<a href=\"http:\/\/www.planalto.gov.br\/CCIVIL_03\/_Ato2015-2018\/2016\/Lei\/L13243.htm\">Novo Marco Legal de Inova\u00e7\u00e3o<\/a>), considerando as Resolu\u00e7\u00f5es:\u00a0 <a href=\"http:\/\/www.ufcg.edu.br\/~costa\/resolucoes\/res_12032009.pdf\">N\u00ba 03\/2009<\/a> Colegiado Pleno (Direitos de propriedade intelectual da UFCG), <a href=\"http:\/\/www.ufcg.edu.br\/~costa\/resolucoes\/res_12132010.pdf\">N\u00ba 13\/2010<\/a> do Colegiado Pleno (Regimento do NITT),\u00a0 <a href=\"http:\/\/www.ufcg.edu.br\/~costa\/resolucoes\/res_12012012.pdf\">N\u00ba 01\/2012<\/a> Colegiado Pleno (rela\u00e7\u00e3o entre a UFCG e sua funda\u00e7\u00e3o),\u00a0<a href=\"http:\/\/www.planalto.gov.br\/ccivil_03\/leis\/L8958compilado.htm\">Lei n\u00b0 8.958\/1994<\/a> (rela\u00e7\u00f5es entre as institui\u00e7\u00f5es &#8230; e funda\u00e7\u00f5es de apoio),\u00a0 <a href=\"https:\/\/www.google.com.br\/url?sa=t&amp;rct=j&amp;q=&amp;esrc=s&amp;source=web&amp;cd=1&amp;cad=rja&amp;uact=8&amp;ved=0ahUKEwigl4C2p8bXAhVIlJAKHX2VCU4QFggmMAA&amp;url=http%3A%2F%2Fwww.ufcg.edu.br%2F~costa%2Fresolucoes%2Fres_12082013.pdf&amp;usg=AOvVaw3MI9AU8FPFFCq18MCQokOI\">N\u00ba 08\/2013<\/a> Colegiado Pleno (Utiliza\u00e7\u00e3o e o compartilhamento de laborat\u00f3rios, equipamentos, instrumentos e demais instala\u00e7\u00f5es da UFCG) , a <a href=\"http:\/\/www.planalto.gov.br\/ccivil_03\/leis\/L8666cons.htm\">Lei n\u00ba 8.666\/1993<\/a> (Lei de Licita\u00e7\u00f5es e Contratos P\u00fablicos).<\/p>\n<p style=\"text-align: justify;\"><img loading=\"lazy\" decoding=\"async\" class=\"aligncenter wp-image-1435 size-large\" src=\"https:\/\/nitt.ufcg.edu.br\/wp-content\/uploads\/2017\/11\/Vsi\u00e3o_geral_celebra\u00e7ao_PD-1024x619.png\" alt=\"vsiao_geral_celebracao_pd\" width=\"640\" height=\"387\" srcset=\"https:\/\/nitt.ufcg.edu.br\/wp-content\/uploads\/2017\/11\/Vsi\u00e3o_geral_celebra\u00e7ao_PD-1024x619.png 1024w, https:\/\/nitt.ufcg.edu.br\/wp-content\/uploads\/2017\/11\/Vsi\u00e3o_geral_celebra\u00e7ao_PD-300x181.png 300w, https:\/\/nitt.ufcg.edu.br\/wp-content\/uploads\/2017\/11\/Vsi\u00e3o_geral_celebra\u00e7ao_PD-768x464.png 768w, https:\/\/nitt.ufcg.edu.br\/wp-content\/uploads\/2017\/11\/Vsi\u00e3o_geral_celebra\u00e7ao_PD.png 1490w\" sizes=\"auto, (max-width: 640px) 100vw, 640px\" \/><\/p>\n<p style=\"text-align: justify;\"><strong>DOCUMENTA\u00c7\u00c3O JUR\u00cdDICA PARA CELEBRA\u00c7\u00c3O DE CONV\u00caNIO<\/strong><\/p>\n<p style=\"text-align: justify;\">A celebra\u00e7\u00e3o de uma parceria inicia-se com o Protocolo de Inten\u00e7\u00e3o que \u00e9 um documento sem validade jur\u00eddica, serve apenas para expressar as inten\u00e7\u00f5es das partes para cria\u00e7\u00e3o da futura Coopera\u00e7\u00e3o.<\/p>\n<p style=\"text-align: justify;\"><img loading=\"lazy\" decoding=\"async\" class=\"wp-image-1464 size-large aligncenter\" src=\"https:\/\/nitt.ufcg.edu.br\/wp-content\/uploads\/2017\/11\/Celebra\u00e7\u00e3o_do_Conv\u00eanio_dePD-1024x505.png\" alt=\"celebracao_do_convenio_depd\" width=\"640\" height=\"316\" srcset=\"https:\/\/nitt.ufcg.edu.br\/wp-content\/uploads\/2017\/11\/Celebra\u00e7\u00e3o_do_Conv\u00eanio_dePD-1024x505.png 1024w, https:\/\/nitt.ufcg.edu.br\/wp-content\/uploads\/2017\/11\/Celebra\u00e7\u00e3o_do_Conv\u00eanio_dePD-300x148.png 300w, https:\/\/nitt.ufcg.edu.br\/wp-content\/uploads\/2017\/11\/Celebra\u00e7\u00e3o_do_Conv\u00eanio_dePD-768x379.png 768w, https:\/\/nitt.ufcg.edu.br\/wp-content\/uploads\/2017\/11\/Celebra\u00e7\u00e3o_do_Conv\u00eanio_dePD.png 1473w\" sizes=\"auto, (max-width: 640px) 100vw, 640px\" \/><\/p>\n<p style=\"text-align: justify;\"><strong>TERMO DE COOPERA\u00c7\u00c3O<\/strong><\/p>\n<p style=\"text-align: justify;\">O termo de coopera\u00e7\u00e3o \u00e9 o documento jur\u00eddico que serve como base para a realiza\u00e7\u00e3o do futuros projetos realizados via conv\u00eanio.<\/p>\n<p style=\"text-align: justify;\"><img loading=\"lazy\" decoding=\"async\" class=\"size-medium wp-image-1437 aligncenter\" src=\"https:\/\/nitt.ufcg.edu.br\/wp-content\/uploads\/2017\/11\/Estrutura_termo_decooperacao-255x300.png\" alt=\"estrutura_termo_decooperacao\" width=\"255\" height=\"300\" srcset=\"https:\/\/nitt.ufcg.edu.br\/wp-content\/uploads\/2017\/11\/Estrutura_termo_decooperacao-255x300.png 255w, https:\/\/nitt.ufcg.edu.br\/wp-content\/uploads\/2017\/11\/Estrutura_termo_decooperacao-768x903.png 768w, https:\/\/nitt.ufcg.edu.br\/wp-content\/uploads\/2017\/11\/Estrutura_termo_decooperacao.png 856w\" sizes=\"auto, (max-width: 255px) 100vw, 255px\" \/><\/p>\n<p style=\"text-align: justify;\"><strong>CONV\u00caNIO<\/strong><\/p>\n<p style=\"text-align: justify;\">O Conv\u00eanio \u00e9 o documento jur\u00eddico que ser\u00e1 celebrado para realiza\u00e7\u00e3o de um plano de trabalho. Nesse documento est\u00e3o previstas as cl\u00e1usulas de interesse de ambas as partes, previstas nas leis vig\u00eantes.<\/p>\n<p style=\"text-align: justify;\"><img loading=\"lazy\" decoding=\"async\" class=\"aligncenter wp-image-1438 size-medium\" src=\"https:\/\/nitt.ufcg.edu.br\/wp-content\/uploads\/2017\/11\/Conv\u00eanio-287x300.png\" alt=\"convenio\" width=\"287\" height=\"300\" srcset=\"https:\/\/nitt.ufcg.edu.br\/wp-content\/uploads\/2017\/11\/Conv\u00eanio-287x300.png 287w, https:\/\/nitt.ufcg.edu.br\/wp-content\/uploads\/2017\/11\/Conv\u00eanio-768x804.png 768w, https:\/\/nitt.ufcg.edu.br\/wp-content\/uploads\/2017\/11\/Conv\u00eanio.png 946w\" sizes=\"auto, (max-width: 287px) 100vw, 287px\" \/><\/p>\n<p style=\"text-align: justify;\"><strong>PLANO TRABALHO<\/strong><\/p>\n<p style=\"text-align: justify;\">O Plano de Trabalho est\u00e3o descritas todas as atividades a serem executadas.<\/p>\n<p style=\"text-align: justify;\"><img loading=\"lazy\" decoding=\"async\" class=\"aligncenter wp-image-1439 \" src=\"https:\/\/nitt.ufcg.edu.br\/wp-content\/uploads\/2017\/11\/PLANO_DE_TRABALHO-300x208.png\" alt=\"plano_de_trabalho\" width=\"440\" height=\"305\" srcset=\"https:\/\/nitt.ufcg.edu.br\/wp-content\/uploads\/2017\/11\/PLANO_DE_TRABALHO-300x208.png 300w, https:\/\/nitt.ufcg.edu.br\/wp-content\/uploads\/2017\/11\/PLANO_DE_TRABALHO-768x533.png 768w, https:\/\/nitt.ufcg.edu.br\/wp-content\/uploads\/2017\/11\/PLANO_DE_TRABALHO-1024x710.png 1024w, https:\/\/nitt.ufcg.edu.br\/wp-content\/uploads\/2017\/11\/PLANO_DE_TRABALHO.png 1427w\" sizes=\"auto, (max-width: 440px) 100vw, 440px\" \/><\/p>\n<p style=\"text-align: justify;\">Buscando melhorar o atendimento ao pesquisador, estamos preparando os seguintes modelos para realiza\u00e7\u00e3o de conv\u00eanios de P&amp;D.<\/p>\n<p style=\"text-align: justify;\"><strong>1 &#8211; Sugest\u00f5es de documento para celebra\u00e7\u00e3o de Conv\u00eanio:<\/strong><\/p>\n<p style=\"text-align: justify;\"><div class=\"row\">\n<div class=\"col-md-12\"><div class=\"su-spoiler su-spoiler-style-fancy su-spoiler-icon-arrow su-spoiler-closed\" data-scroll-offset=\"0\" data-anchor-in-url=\"no\"><div class=\"su-spoiler-title\" tabindex=\"0\" role=\"button\"><span class=\"su-spoiler-icon\"><\/span>TERMO DE COOPERA\u00c7\u00c3O<\/div><div class=\"su-spoiler-content su-u-clearfix su-u-trim\">\n<p style=\"text-align: justify;\"><a href=\"https:\/\/nitt.ufcg.edu.br\/wp-content\/uploads\/2017\/11\/MODELO_Termo-de-Coopera\u00e7\u00e3o_UFCG_EMPRESA.doc\" class=\"btn btn-primary btn-lg\"> &lt;&lt;Dowload&gt;&gt; <\/a>\n<\/div><\/div>\n<p style=\"text-align: justify;\"><\/div>\n<\/div>\n<p style=\"text-align: justify;\"><div class=\"row\">\n<div class=\"col-md-12\"><div class=\"su-spoiler su-spoiler-style-fancy su-spoiler-icon-arrow su-spoiler-closed\" data-scroll-offset=\"0\" data-anchor-in-url=\"no\"><div class=\"su-spoiler-title\" tabindex=\"0\" role=\"button\"><span class=\"su-spoiler-icon\"><\/span>CONV\u00caNIO COM CESS\u00c3O TOTAL<\/div><div class=\"su-spoiler-content su-u-clearfix su-u-trim\">\n<p style=\"text-align: justify;\"><a href=\"https:\/\/nitt.ufcg.edu.br\/wp-content\/uploads\/2017\/11\/CONVENIO-UFCG-CESSAO-TOTAL.doc\" class=\"btn btn-primary btn-lg\"> &lt;&lt;Dowload&gt;&gt; <\/a>\n<\/div><\/div>\n<p style=\"text-align: justify;\"><\/div>\n<\/div>\n<p style=\"text-align: justify;\"><div class=\"row\">\n<div class=\"col-md-12\"><div class=\"su-spoiler su-spoiler-style-fancy su-spoiler-icon-arrow su-spoiler-closed\" data-scroll-offset=\"0\" data-anchor-in-url=\"no\"><div class=\"su-spoiler-title\" tabindex=\"0\" role=\"button\"><span class=\"su-spoiler-icon\"><\/span>CONV\u00caNIO COM CESS\u00c3O COMPARTILHADA<\/div><div class=\"su-spoiler-content su-u-clearfix su-u-trim\">\n<p style=\"text-align: justify;\"><a href=\"https:\/\/nitt.ufcg.edu.br\/wp-content\/uploads\/2017\/11\/CONVENIO-UFCG-COMPARTILHADA.doc\" class=\"btn btn-primary btn-lg\"> &lt;&lt;Dowload&gt;&gt; <\/a>\n<\/div><\/div>\n<p style=\"text-align: justify;\"><\/div>\n<\/div>\n<p style=\"text-align: justify;\"><div class=\"row\">\n<div class=\"col-md-12\"><div class=\"su-spoiler su-spoiler-style-fancy su-spoiler-icon-arrow su-spoiler-closed\" data-scroll-offset=\"0\" data-anchor-in-url=\"no\"><div class=\"su-spoiler-title\" tabindex=\"0\" role=\"button\"><span class=\"su-spoiler-icon\"><\/span>PLANO DE TRABALHO<\/div><div class=\"su-spoiler-content su-u-clearfix su-u-trim\">\n<p style=\"text-align: justify;\"><a href=\"https:\/\/nitt.ufcg.edu.br\/wp-content\/uploads\/2017\/11\/Modelo_Plano_de_Trabalho_XConv_UFCG_EMPRESA.docx\" class=\"btn btn-primary btn-lg\"> &lt;&lt;Dowload&gt;&gt; <\/a>\n<\/div><\/div>\n<p style=\"text-align: justify;\"><\/div>\n<\/div>\n<p style=\"text-align: justify;\">Para melhores esclarecimentos, <a href=\"https:\/\/nitt.ufcg.edu.br\/aspectos-tecnicos-juridico-de-celebracao-de-parcerias-em-pd-entre-a-ufcg-e-icts-e-o-setor-produtivo\/\">acesse o informe t\u00e9cnico jur\u00eddico do NITT\/UFCG .<\/a><\/p>\n","protected":false},"excerpt":{"rendered":"<p>O QUE \u00c9 UM CONV\u00caNIO P&amp;D? \u00a0\u00c9 documento jur\u00eddico que define as condi\u00e7\u00f5es da parceria entre os part\u00edcipes (ICT,s e Empresas, ou entre ICT\u00b4s). DIFEREN\u00c7A ENTRE CONTRATO E CONV\u00caNIO: A lei n\u00ba 8.666, de 21-06-1993 (Lei de Licita\u00e7\u00f5es e Contratos P\u00fablicos), em seu art. 2\u00ba, par\u00e1grafo \u00fanico, considera CONTRATO \u2015 \u201ctodo e qualquer ajuste entre<a href=\"https:\/\/nitt.ufcg.edu.br\/?page_id=1434\">[&#8230;]<\/a><\/p>\n","protected":false},"author":1,"featured_media":0,"parent":0,"menu_order":0,"comment_status":"closed","ping_status":"closed","template":"template-fullwidth.php","meta":{"footnotes":""},"class_list":["post-1434","page","type-page","status-publish","hentry"],"_links":{"self":[{"href":"https:\/\/nitt.ufcg.edu.br\/index.php?rest_route=\/wp\/v2\/pages\/1434","targetHints":{"allow":["GET"]}}],"collection":[{"href":"https:\/\/nitt.ufcg.edu.br\/index.php?rest_route=\/wp\/v2\/pages"}],"about":[{"href":"https:\/\/nitt.ufcg.edu.br\/index.php?rest_route=\/wp\/v2\/types\/page"}],"author":[{"embeddable":true,"href":"https:\/\/nitt.ufcg.edu.br\/index.php?rest_route=\/wp\/v2\/users\/1"}],"replies":[{"embeddable":true,"href":"https:\/\/nitt.ufcg.edu.br\/index.php?rest_route=%2Fwp%2Fv2%2Fcomments&post=1434"}],"version-history":[{"count":17,"href":"https:\/\/nitt.ufcg.edu.br\/index.php?rest_route=\/wp\/v2\/pages\/1434\/revisions"}],"predecessor-version":[{"id":1491,"href":"https:\/\/nitt.ufcg.edu.br\/index.php?rest_route=\/wp\/v2\/pages\/1434\/revisions\/1491"}],"wp:attachment":[{"href":"https:\/\/nitt.ufcg.edu.br\/index.php?rest_route=%2Fwp%2Fv2%2Fmedia&parent=1434"}],"curies":[{"name":"wp","href":"https:\/\/api.w.org\/{rel}","templated":true}]}}