{"id":1677,"date":"2018-07-26T13:28:18","date_gmt":"2018-07-26T16:28:18","guid":{"rendered":"https:\/\/nitt.ufcg.edu.br\/?page_id=1677"},"modified":"2018-08-17T11:21:51","modified_gmt":"2018-08-17T14:21:51","slug":"sisgen","status":"publish","type":"page","link":"https:\/\/nitt.ufcg.edu.br\/?page_id=1677","title":{"rendered":"SisGen"},"content":{"rendered":"<p><a href=\"http:\/\/www.mma.gov.br\/patrimonio-genetico\/conselho-de-gestao-do-patrimonio-genetico\/sis-gen\"><img loading=\"lazy\" decoding=\"async\" class=\"alignnone wp-image-1777 size-full\" src=\"https:\/\/nitt.ufcg.edu.br\/wp-content\/uploads\/2018\/08\/Painel_Sisgen.png\" alt=\"\" width=\"868\" height=\"189\" srcset=\"https:\/\/nitt.ufcg.edu.br\/wp-content\/uploads\/2018\/08\/Painel_Sisgen.png 868w, https:\/\/nitt.ufcg.edu.br\/wp-content\/uploads\/2018\/08\/Painel_Sisgen-300x65.png 300w, https:\/\/nitt.ufcg.edu.br\/wp-content\/uploads\/2018\/08\/Painel_Sisgen-768x167.png 768w\" sizes=\"auto, (max-width: 868px) 100vw, 868px\" \/><\/a><\/p>\n<hr \/>\n<p><strong>Quem deve fazer o cadastro no SisGen?<\/strong>\u00a0 &#8211; Pesquisador que desenvolve pesquisa que utiliza informa\u00e7\u00f5es de origem gen\u00e9tica de esp\u00e9cies vegetais, animais, microbianas ou esp\u00e9cies de outra natureza, incluindo subst\u00e2ncias oriundas do metabolismo destes seres vivos.<\/p>\n<p><strong>Quando deve fazer o cadastro no SisGen?<\/strong> &#8211; Em qualquer fase da pesquisa &#8211; <strong><span style=\"color: #0000ff;\"><a style=\"color: #0000ff;\" href=\"#instrucao\">Ver instru\u00e7\u00f5es<\/a>.<\/span><\/strong><br \/>\n<a name=\"definicao\"><\/a><br \/>\n<strong>e Onde deve ser feito o cadastro?<\/strong>\u00a0 Na plataforma SisGen &#8211; <span style=\"color: #0000ff;\"><a style=\"color: #0000ff;\" href=\"https:\/\/sisgen.gov.br\"><strong>sisgen.gov.br<\/strong><\/a>,\u00a0<\/span><\/p>\n<p>Para saber mais, leia as informa\u00e7\u00f5es e siga as<span style=\"color: #0000ff;\"><strong><a style=\"color: #0000ff;\" href=\"#definicao\"> instru\u00e7\u00f5es abaixo<\/a><\/strong><\/span>.<\/p>\n<hr \/>\n<p><strong>O que \u00e9 Patrim\u00f4nio Gen\u00e9tico?<\/strong><\/p>\n<p>&#8220;<a href=\"http:\/\/planalto.gov.br\/ccivil_03\/_ato2015-2018\/2015\/lei\/l13123.htm\"><strong><span style=\"color: #0000ff;\">Lei n\u00ba 13.123\/2015<\/span><\/strong><\/a>\u00a0&#8211;\u00a0<a href=\"http:\/\/planalto.gov.br\/ccivil_03\/_ato2015-2018\/2015\/lei\/l13123.htm#art2\"><span style=\"color: #0000ff;\">Art. 2<u><sup>o<\/sup><\/u>I, Inciso I<\/span> <\/a>&#8211; <strong>patrim\u00f4nio gen\u00e9tico<\/strong> &#8211; informa\u00e7\u00e3o de origem gen\u00e9tica de esp\u00e9cies vegetais, animais, microbianas ou esp\u00e9cies de outra natureza, incluindo subst\u00e2ncias oriundas do metabolismo destes seres vivos;&#8221;<\/p>\n<p><strong>O que \u00e9 ACESSO ao Patrim\u00f4nio Gen\u00e9tico?<\/strong><\/p>\n<p>&#8220;<a href=\"http:\/\/planalto.gov.br\/ccivil_03\/_ato2015-2018\/2015\/lei\/l13123.htm\"><strong><span style=\"color: #0000ff;\">Lei n\u00ba 13.123\/2015<\/span><\/strong><\/a>\u00a0&#8211;\u00a0<a href=\"http:\/\/planalto.gov.br\/ccivil_03\/_ato2015-2018\/2015\/lei\/l13123.htm#art2\"><span style=\"color: #0000ff;\">Art. 2<u><sup>o<\/sup><\/u>I, Inciso VIII<\/span> <\/a>&#8211; <strong>acesso ao patrim\u00f4nio gen\u00e9tico<\/strong> &#8211; pesquisa ou desenvolvimento tecnol\u00f3gico realizado sobre amostra de patrim\u00f4nio gen\u00e9tico;&#8221;<\/p>\n<p>Al\u00e9m do Patrim\u00f4nio gen\u00e9tico a Lei da Biodiversidade<span style=\"color: #0000ff;\"> <strong><a style=\"color: #0000ff;\" href=\"http:\/\/planalto.gov.br\/ccivil_03\/_ato2015-2018\/2015\/lei\/l13123.htm\">(Lei n\u00ba 13.123\/2015<\/a>)<\/strong><\/span> trata tamb\u00e9m do conhecimento tradicional associado e conhecimento tradicional associado de origem n\u00e3o identific\u00e1vel. O Manual com mais detalhes pode ser acessado <a href=\"https:\/\/sisgen.gov.br\/download\/Manual_SisGen.pdf\"><strong><span style=\"color: #0000ff;\">(LINK)<\/span><\/strong><\/a>, sendo que nessa p\u00e1gina estar\u00e1 dispon\u00edvel um vers\u00e3o resumida para o cadastro das pesquisas realizadas por pesquisadores da UFCG.<\/p>\n<p>O <strong>Sistema Nacional de Gest\u00e3o do Patrim\u00f4nio Gen\u00e9tico e do Conhecimento Tradicional Associado \u2013 SisGen<\/strong> \u2013 \u00e9 um sistema eletr\u00f4nico criado pelo <a href=\"http:\/\/planalto.gov.br\/ccivil_03\/_ato2015-2018\/2016\/decreto\/D8772.htm\"><span style=\"color: #0000ff;\"><strong>Decreto n\u00ba 8.772, de 11 de maio de 2016<\/strong><\/span><\/a>, que regulamenta a <a href=\"http:\/\/planalto.gov.br\/ccivil_03\/_ato2015-2018\/2015\/lei\/l13123.htm\"><strong><span style=\"color: #0000ff;\">Lei n\u00ba 13.123, de 20 de maio de 2015<\/span><\/strong><\/a>, como um instrumento para auxiliar o Conselho de Gest\u00e3o do Patrim\u00f4nio Gen\u00e9tico \u2013 CGen \u2013 na gest\u00e3o do patrim\u00f4nio gen\u00e9tico e do conhecimento tradicional associado.<\/p>\n<p>O <strong>SisGen<\/strong> \u00e9 mantido e operacionalizado pela Secretaria-Executiva do CGen, e apresenta interface que possibilita ao usu\u00e1rio:<\/p>\n<p style=\"padding-left: 30px;\"><strong>i) Cadastrar acesso ao patrim\u00f4nio gen\u00e9tico ou ao conhecimento tradicional associado;<\/strong><br \/>\nii) Cadastrar envio de amostra que contenha patrim\u00f4nio gen\u00e9tico para presta\u00e7\u00e3o de servi\u00e7os no exterior;<br \/>\niii) Cadastrar remessa de amostra de patrim\u00f4nio gen\u00e9tico;<br \/>\niv) Notificar produto acabado ou material reprodutivo;<br \/>\nv) Solicitar autoriza\u00e7\u00e3o de acesso ao patrim\u00f4nio gen\u00e9tico ou ao conhecimento tradicional associado e de remessa ao exterior;<br \/>\nvi) Solicitar credenciamento de institui\u00e7\u00f5es mantenedoras das cole\u00e7\u00f5es ex situ que contenham amostras de patrim\u00f4nio gen\u00e9tico;<br \/>\nvii) Obter comprovantes de cadastros, de remessa e de notifica\u00e7\u00f5es;<br \/>\nviii) Obter certid\u00f5es do procedimento administrativo de verifica\u00e7\u00e3o; e<br \/>\nix) Solicitar atestados de regularidade de acesso.<\/p>\n<p><strong>Acessando o SisGen<\/strong><\/p>\n<p>O SisGen pode ser acessado pelo endere\u00e7o eletr\u00f4nico:<span style=\"color: #0000ff;\"><strong> <a style=\"color: #0000ff;\" href=\"http:\/\/&lt; https:\/\/sisgen.gov.br &gt;\">&lt; https:\/\/sisgen.gov.br &gt;<\/a>.<\/strong><\/span> Para<br \/>\nacessar o SisGen \u00e9 necess\u00e1rio ser um usu\u00e1rio cadastrado\u00a0<a href=\"https:\/\/sisgen.gov.br\/paginas\/login.aspx\"><span style=\"color: #0000ff;\"><strong>(Cadastro de Usu\u00e1rio)<\/strong><\/span><\/a> e ter<br \/>\ninstalado o m\u00f3dulo de seguran\u00e7a<span style=\"color: #0000ff;\"> <strong><a style=\"color: #0000ff;\" href=\"https:\/\/sisgen.gov.br\/paginas\/InstallSolution.aspx\">(M\u00f3dulo de Seguran\u00e7a)<\/a><\/strong>.<\/span><\/p>\n<hr \/>\n<p><a name=\"instrucao\"><\/a><br \/>\n<strong>INSTRU\u00c7\u00d5ES IMPORTANTES<\/strong><\/p>\n<p>Instala\u00e7\u00e3o do M\u00f3dulo de Seguran\u00e7a &#8211;<a href=\"https:\/\/nitt.ufcg.edu.br\/instalacao-modulo-de-seguranca-sisgen\/\"><strong><span style=\"color: #0000ff;\"> ACESSAR<\/span><\/strong><\/a><\/p>\n<p>Cadastro do Pesquisador no SISGEN &#8211; <span style=\"color: #0000ff;\"><strong><a style=\"color: #0000ff;\" href=\"https:\/\/nitt.ufcg.edu.br\/cadastro-no-sisgen\/\">ACESSAR<\/a><\/strong><\/span><\/p>\n<p>Cadastro da pesquisa com Acesso ao Patrim\u00f4nio Gen\u00e9tico <a href=\"https:\/\/nitt.ufcg.edu.br\/cadastro-da-pesquisa-com-acesso-ao-patrimonio-genetico\/\">&#8211; <span style=\"color: #0000ff;\"><strong>ACESSAR<\/strong><\/span><\/a><\/p>\n<hr \/>\n<p>Entre em contato com a Coordena\u00e7\u00e3o do NITT\/UFCG:<\/p>\n<p><strong>Tel.:<\/strong> (83) 2101-1115 &#8211; ramal 29 &#8211; Coordena\u00e7\u00e3o do NITT (83) 9 9960-8972 &#8211; whatsapp<\/p>\n<p><strong>Tel.:<\/strong> (83) 2101-1601 &#8211; Secretaria do NIT.<\/p>\n<hr \/>\n<p><a href=\"http:\/\/mma.gov.br\/informma\/item\/11356-perguntas-frequentes-patrimonio-genetico\"><img loading=\"lazy\" decoding=\"async\" class=\"aligncenter wp-image-1753 size-medium\" src=\"https:\/\/nitt.ufcg.edu.br\/wp-content\/uploads\/2018\/07\/Perguntas_Frequentes-300x48.png\" alt=\"\" width=\"300\" height=\"48\" srcset=\"https:\/\/nitt.ufcg.edu.br\/wp-content\/uploads\/2018\/07\/Perguntas_Frequentes-300x48.png 300w, https:\/\/nitt.ufcg.edu.br\/wp-content\/uploads\/2018\/07\/Perguntas_Frequentes.png 750w\" sizes=\"auto, (max-width: 300px) 100vw, 300px\" \/><\/a><\/p>\n<p class=\"rtejustify\">Em caso de d\u00favidas, por favor enviar e-mail a<span style=\"color: #0000ff;\">\u00a0<\/span><a href=\"mailto:cgen@mma.gov.br\"><span style=\"color: #0000ff;\">cgen@mma.gov.br<\/span><\/a>\u00a0ou\u00a0\u00a0<a class=\"email-link\" title=\"\" href=\"mailto:nitt@ufcg.edu.br\" target=\"_self\"><span style=\"color: #0000ff;\">nitt@ufcg.edu.br<\/span><\/a>.<\/p>\n<hr \/>\n","protected":false},"excerpt":{"rendered":"<p>Quem deve fazer o cadastro no SisGen?\u00a0 &#8211; Pesquisador que desenvolve pesquisa que utiliza informa\u00e7\u00f5es de origem gen\u00e9tica de esp\u00e9cies vegetais, animais, microbianas ou esp\u00e9cies de outra natureza, incluindo subst\u00e2ncias oriundas do metabolismo destes seres vivos. Quando deve fazer o cadastro no SisGen? &#8211; Em qualquer fase da pesquisa &#8211; Ver instru\u00e7\u00f5es. e Onde deve<a href=\"https:\/\/nitt.ufcg.edu.br\/?page_id=1677\">[&#8230;]<\/a><\/p>\n","protected":false},"author":1,"featured_media":0,"parent":0,"menu_order":0,"comment_status":"closed","ping_status":"closed","template":"template-fullwidth.php","meta":{"footnotes":""},"class_list":["post-1677","page","type-page","status-publish","hentry"],"_links":{"self":[{"href":"https:\/\/nitt.ufcg.edu.br\/index.php?rest_route=\/wp\/v2\/pages\/1677","targetHints":{"allow":["GET"]}}],"collection":[{"href":"https:\/\/nitt.ufcg.edu.br\/index.php?rest_route=\/wp\/v2\/pages"}],"about":[{"href":"https:\/\/nitt.ufcg.edu.br\/index.php?rest_route=\/wp\/v2\/types\/page"}],"author":[{"embeddable":true,"href":"https:\/\/nitt.ufcg.edu.br\/index.php?rest_route=\/wp\/v2\/users\/1"}],"replies":[{"embeddable":true,"href":"https:\/\/nitt.ufcg.edu.br\/index.php?rest_route=%2Fwp%2Fv2%2Fcomments&post=1677"}],"version-history":[{"count":39,"href":"https:\/\/nitt.ufcg.edu.br\/index.php?rest_route=\/wp\/v2\/pages\/1677\/revisions"}],"predecessor-version":[{"id":1780,"href":"https:\/\/nitt.ufcg.edu.br\/index.php?rest_route=\/wp\/v2\/pages\/1677\/revisions\/1780"}],"wp:attachment":[{"href":"https:\/\/nitt.ufcg.edu.br\/index.php?rest_route=%2Fwp%2Fv2%2Fmedia&parent=1677"}],"curies":[{"name":"wp","href":"https:\/\/api.w.org\/{rel}","templated":true}]}}