{"id":1807,"date":"2018-08-17T11:13:54","date_gmt":"2018-08-17T14:13:54","guid":{"rendered":"https:\/\/nitt.ufcg.edu.br\/?page_id=1807"},"modified":"2021-12-02T22:04:56","modified_gmt":"2021-12-03T01:04:56","slug":"formularios-de-solicitacao-de-registros","status":"publish","type":"page","link":"https:\/\/nitt.ufcg.edu.br\/?page_id=1807","title":{"rendered":"Formul\u00e1rios de solicita\u00e7\u00e3o de Registros"},"content":{"rendered":"<p><a href=\"https:\/\/nitt.ufcg.edu.br\/wp-content\/uploads\/2017\/08\/patentes-etapas.png\"><img loading=\"lazy\" decoding=\"async\" class=\"aligncenter wp-image-844 size-full\" src=\"https:\/\/nitt.ufcg.edu.br\/wp-content\/uploads\/2017\/08\/patentes-etapas.png\" alt=\"patentes-etapas\" width=\"807\" height=\"320\" srcset=\"https:\/\/nitt.ufcg.edu.br\/wp-content\/uploads\/2017\/08\/patentes-etapas.png 807w, https:\/\/nitt.ufcg.edu.br\/wp-content\/uploads\/2017\/08\/patentes-etapas-300x119.png 300w, https:\/\/nitt.ufcg.edu.br\/wp-content\/uploads\/2017\/08\/patentes-etapas-768x305.png 768w\" sizes=\"auto, (max-width: 807px) 100vw, 807px\" \/><\/a><\/p>\n<h2 style=\"text-align: justify;\">Solicita\u00e7\u00e3o de Registro de PI\u00b4s<\/h2>\n<p style=\"text-align: justify;\">O NITT orienta os pesquisadores da UFCG a realizarem busca de anterioridade em bases de informa\u00e7\u00e3o tecnol\u00f3gica antes do in\u00edcio de sua pesquisa, a fim de averiguar a novidade do resultado a ser alcan\u00e7ado no projeto de pesquisa ou extens\u00e3o. A partir de 2018 o NITT est\u00e1 com o projeto<span style=\"color: #0000ff;\"> <a style=\"color: #0000ff;\" href=\"https:\/\/nitt.ufcg.edu.br\/obitec\/\">OBITE &#8211; Observat\u00f3rio de Intelig\u00eancia Tecnol\u00f3gica<\/a>,<\/span> que vem auxiliando os pesquisadores da UFCG quanto a verifica\u00e7\u00e3o do potencial tecnol\u00f3gico de suas pesquisas.<\/p>\n<p style=\"text-align: justify;\">As bases de patente s\u00e3o uma importante ferramenta de pesquisa, pois estas disponibilizam documentos com\u00a0 informa\u00e7\u00f5es atuais referentes a uma tecnologia que muitas vezes ainda n\u00e3o se tornaram p\u00fablicas nem por meio de artigos cient\u00edficos.\u00a0 Existem bases de patente de acesso gratuito onde o pesquisador pode consultar as informa\u00e7\u00f5es dos documentos de patente e tamb\u00e9m o andamento do processo de patente. As bases de acesso gratuito podem ser consultadas em:<a href=\"https:\/\/nitt.ufcg.edu.br\/bases-de-informacoes-tecnologicas\/\">\u00a0<span style=\"color: #3366ff;\">Bases de Informa\u00e7\u00f5es Tecnol\u00f3gicas<\/span><\/a><span style=\"color: #3366ff;\">.<\/span><\/p>\n<p style=\"text-align: justify;\">Assim que o pesquisador constatar que os resultados de sua pesquisa poder\u00e3o ser objeto de um pedido de patente ele deve resguardar a confidencialidade das informa\u00e7\u00f5es. Preferencialmente ele dever\u00e1 informar ao NITT antes de realizar qualquer forma de divulga\u00e7\u00e3o para que sejam tomadas as devidas provid\u00eancias de prote\u00e7\u00e3o.<\/p>\n<p><a title=\"solicitacao_patente\" name=\"solicitacao_patente\"><\/a><\/p>\n<h3 style=\"text-align: justify;\"><\/h3>\n<h3 style=\"text-align: justify;\">Solicita\u00e7\u00e3o de Dep\u00f3sito de Patente &#8211;\u00a0<strong><span style=\"color: #0000ff;\"><a style=\"color: #0000ff;\" href=\"https:\/\/nitt.ufcg.edu.br\/fluxo-dos-processos\/\">fluxo do processo<\/a><\/span><\/strong><\/h3>\n<p style=\"text-align: justify;\">1. Fazer o download e preencher os formul\u00e1rios abaixo:<\/p>\n<p>Lista dos documentos em PDF:<\/p>\n<blockquote><p>1 &#8211; Formul\u00e1rio de Solicita\u00e7\u00e3o :\u00a0<a href=\"https:\/\/nitt.ufcg.edu.br\/wp-content\/uploads\/2018\/01\/Formulario-Pedido-Patente-solicita\u00e7\u00e3o-registro.doc\" class=\"btn btn-primary btn-sm\"> download <\/a>\n<p>2 &#8211; Continua\u00e7\u00e3o Autores &#8211; Formul\u00e1rio de Solicita\u00e7\u00e3o:\u00a0<a href=\"https:\/\/nitt.ufcg.edu.br\/wp-content\/uploads\/2018\/01\/Continua\u00e7\u00e3o-Formulario-Pedido-Patente-solicita\u00e7\u00e3o-Autores.docx\" class=\"btn btn-primary btn-sm\"> download <\/a>\n<p>3 &#8211; Continua\u00e7\u00e3o Titulares- Formul\u00e1rio de Solicita\u00e7\u00e3o:\u00a0<a href=\"https:\/\/nitt.ufcg.edu.br\/wp-content\/uploads\/2018\/01\/Continua\u00e7\u00e3o-Formulario-Pedido-Patente-solicita\u00e7\u00e3o-Titulares.docx\" class=\"btn btn-primary btn-sm\"> download <\/a>\n<p>Obs.: Exemplo de Solicita\u00e7\u00e3o:\u00a0<a href=\"https:\/\/nitt.ufcg.edu.br\/wp-content\/uploads\/2017\/08\/Formulario-Pedido-Patente-solicita\u00e7\u00e3o_setembro2017_exemplo.doc\" class=\"btn btn-primary btn-sm\"> download <\/a>\nI &#8211; Documentos da Patente \u2013 considerando a formata\u00e7\u00e3o exigida nas normativas<span style=\"color: #0000ff;\"><strong> <a style=\"color: #0000ff;\" href=\"http:\/\/www.inpi.gov.br\/menu-servicos\/patente\/in_31_in_17_2013_administrativo_versao_03_12_2013_0.pdf\">30<\/a> <\/strong><\/span><strong>e <span style=\"color: #0000ff;\"><a style=\"color: #0000ff;\" href=\"http:\/\/www.inpi.gov.br\/menu-servicos\/patente\/in_030_in_17_2013_exame_tecnico_versao_final_03_12_2013-1-_1_0.pdf\">31<\/a><\/span><\/strong>\/2013 do INPI e de acordo com a<span style=\"color: #0000ff;\"><strong> <a style=\"color: #0000ff;\" href=\"http:\/\/www.planalto.gov.br\/ccivil_03\/Leis\/L9279.htm\">Lei N\u00b0 9.279\/96<\/a>.<\/strong><\/span><\/p>\n<p style=\"padding-left: 30px;\">\u00a01 &#8211; Relat\u00f3rio descritivo da Inven\u00e7\u00e3o &#8211; (obrigat\u00f3rio) &#8211; Modelo e Recomenda\u00e7\u00f5es de formata\u00e7\u00e3o &#8211;\u00a0<span style=\"display: inline !important; float: none; background-color: transparent; color: #333333; cursor: text; font-family: Georgia,'Times New Roman','Bitstream Charter',Times,serif; font-size: 16px; font-style: normal; font-variant: normal; font-weight: 400; letter-spacing: normal; orphans: 2; text-align: left; text-decoration: none; text-indent: 0px; text-transform: none; -webkit-text-stroke-width: 0px; white-space: normal; word-spacing: 0px;\"><a href=\"https:\/\/nitt.ufcg.edu.br\/wp-content\/uploads\/2018\/01\/Recomenda\u00e7\u00f5es_de_formata\u00e7\u00e3o_Reda\u00e7\u00e3o_Patente.docx\" class=\"btn btn-primary btn-sm\"> download <\/a> <\/span><\/p>\n<p style=\"padding-left: 30px;\">2 &#8211; Reivindica\u00e7\u00f5es &#8211; (obrigat\u00f3rio) &#8211; Modelo e Recomenda\u00e7\u00f5es de formata\u00e7\u00e3o &#8211;\u00a0<a href=\"https:\/\/nitt.ufcg.edu.br\/wp-content\/uploads\/2018\/01\/Recomenda\u00e7\u00f5es_de_formata\u00e7\u00e3o_Reda\u00e7\u00e3o_Patente.docx\" class=\"btn btn-primary btn-sm\"> download <\/a>\n<p style=\"padding-left: 30px;\">3 &#8211; Desenhos \u2013 (caso se aplique) &#8211; Modelo e Recomenda\u00e7\u00f5es de formata\u00e7\u00e3o &#8211;\u00a0<a href=\"https:\/\/nitt.ufcg.edu.br\/wp-content\/uploads\/2018\/01\/Recomenda\u00e7\u00f5es_de_formata\u00e7\u00e3o_Reda\u00e7\u00e3o_Patente.docx\" class=\"btn btn-primary btn-sm\"> download <\/a>\n<p style=\"padding-left: 30px;\">4 &#8211; Resumo &#8211; (obrigat\u00f3rio) &#8211; Modelo e Recomenda\u00e7\u00f5es de formata\u00e7\u00e3o &#8211;\u00a0<a href=\"https:\/\/nitt.ufcg.edu.br\/wp-content\/uploads\/2018\/01\/Recomenda\u00e7\u00f5es_de_formata\u00e7\u00e3o_Reda\u00e7\u00e3o_Patente.docx\" class=\"btn btn-primary btn-sm\"> download <\/a>\n<p>II &#8211; Documentos extras:<\/p>\n<p style=\"padding-left: 30px;\">Publica\u00e7\u00f5es relacionadas ao presente invento \u2013 (caso se aplique)<\/p>\n<p style=\"padding-left: 30px;\">C\u00f3pia do contrato de direito (Conv\u00eanio\/Termo de Coopera\u00e7\u00e3o) de PI &#8211; (caso se aplique).<\/p>\n<\/blockquote>\n<p>2. Encaminhar o formul\u00e1rio e os documentos necess\u00e1rios para o e-mail do NITT: <span style=\"color: #0000ff;\"><strong>nitt@eq.ufcg.edu.br<\/strong><strong>.<\/strong><\/span><\/p>\n<p><strong><span style=\"color: #0000ff;\">Obs.: Antes de enviar os documentos, verificar se est\u00e1 de acordo com a formata\u00e7\u00e3o exigida nas normativas 30 e 31\/2013 do INPI.<\/span> <\/strong><\/p>\n<p style=\"text-align: justify;\"><a title=\"m\" name=\"m\"><\/a><\/p>\n<p><a title=\"solicitacao_registro_software\" name=\"solicitacao_registro_software\"><\/a><\/p>\n<h3>Solicita\u00e7\u00e3o de Registro de Software<\/h3>\n<p>1. Fazer o download e preencher os formul\u00e1rios abaixo:<\/p>\n<p>Lista dos documentos em PDF:<\/p>\n<blockquote><p>1 &#8211; Formul\u00e1rio de Solicita\u00e7\u00e3o :\u00a0<a href=\"https:\/\/nitt.ufcg.edu.br\/wp-content\/uploads\/2018\/01\/Formulario-Pedido-Registro-software_V1.docx\" class=\"btn btn-primary btn-sm\"> download <\/a>\n<p>2 &#8211; Continua\u00e7\u00e3o Autores &#8211; Formul\u00e1rio de Solicita\u00e7\u00e3o:\u00a0<a href=\"https:\/\/nitt.ufcg.edu.br\/wp-content\/uploads\/2018\/01\/Continua\u00e7\u00e3o-Formulario-Registro-Softwares-Autores.docx\" class=\"btn btn-primary btn-sm\"> download <\/a>\n<p>3 &#8211; Continua\u00e7\u00e3o Titulares- Formul\u00e1rio de Solicita\u00e7\u00e3o:\u00a0<a href=\"https:\/\/nitt.ufcg.edu.br\/wp-content\/uploads\/2018\/01\/Continua\u00e7\u00e3o-Formulario-Registro-Softwares-Titulares.docx\" class=\"btn btn-primary btn-sm\"> download <\/a>\n<p><span style=\"display: inline !important; float: none; background-color: transparent; color: #333333; cursor: text; font-family: Georgia,'Times New Roman','Bitstream Charter',Times,serif; font-size: 16px; font-style: normal; font-variant: normal; font-weight: 400; letter-spacing: normal; orphans: 2; text-align: left; text-decoration: none; text-indent: 0px; text-transform: none; -webkit-text-stroke-width: 0px; white-space: normal; word-spacing: 0px;\">I &#8211; Documentos adicionais:<\/span><\/p>\n<p style=\"padding-left: 30px;\">1 &#8211; C\u00f3digo fonte do software em PDF;<\/p>\n<p style=\"padding-left: 30px;\">2 &#8211; Termo de deriva\u00e7\u00e3o (case se aplique) <span style=\"display: inline !important; float: none; background-color: transparent; color: #333333; cursor: text; font-family: Georgia,'Times New Roman','Bitstream Charter',Times,serif; font-size: 16px; font-style: normal; font-variant: normal; font-weight: 400; letter-spacing: normal; orphans: 2; text-align: left; text-decoration: none; text-indent: 0px; text-transform: none; -webkit-text-stroke-width: 0px; white-space: normal; word-spacing: 0px;\">Modelo &#8211;\u00a0<a href=\"https:\/\/nitt.ufcg.edu.br\/wp-content\/uploads\/2018\/01\/Modelo-Termo-de-deriva\u00e7\u00e3o.docx\" class=\"btn btn-primary btn-sm\"> download <\/a><\/span><\/p>\n<p style=\"padding-left: 30px;\"><span style=\"display: inline !important; float: none; background-color: transparent; color: #333333; cursor: text; font-family: Georgia,'Times New Roman','Bitstream Charter',Times,serif; font-size: 16px; font-style: normal; font-variant: normal; font-weight: 400; letter-spacing: normal; orphans: 2; text-align: left; text-decoration: none; text-indent: 0px; text-transform: none; -webkit-text-stroke-width: 0px; white-space: normal; word-spacing: 0px;\">3 &#8211; C\u00f3pia do contrato de direito (Conv\u00eanio\/Termo de Coopera\u00e7\u00e3o) de PI &#8211; (caso se aplique).<\/span><\/p>\n<\/blockquote>\n<p>2. Encaminhar o formul\u00e1rio e os documentos\u00a0 necess\u00e1rios para o e-mail do NITT: <strong><span style=\"color: #0000ff;\">nitt@ufcg.edu.br.<\/span><\/strong><\/p>\n<p><a title=\"solicitacao_registro_marca\" name=\"solicitacao_registro_marca\"><\/a><\/p>\n<h3 style=\"text-align: justify;\"><strong>Solicita\u00e7\u00e3o de Registro de Marca<\/strong><\/h3>\n<p>1. Fazer o download e preencher os formul\u00e1rios abaixo:<\/p>\n<p>Lista dos documentos em PDF:<\/p>\n<blockquote><p>1 &#8211; Formul\u00e1rio de Solicita\u00e7\u00e3o :\u00a0<a href=\"https:\/\/nitt.ufcg.edu.br\/wp-content\/uploads\/2018\/01\/Formulario-Pedido-Registro-Marca-solicita\u00e7\u00e3o.doc\" class=\"btn btn-primary btn-sm\"> download <\/a>\n<p>2 &#8211; Continua\u00e7\u00e3o Autores &#8211; Formul\u00e1rio de Solicita\u00e7\u00e3o:\u00a0<a href=\"https:\/\/nitt.ufcg.edu.br\/wp-content\/uploads\/2018\/01\/Continua\u00e7\u00e3o-Formulario-Pedido-Registro-Marca-Autores.docx\" class=\"btn btn-primary btn-sm\"> download <\/a>\n<p>3 &#8211; Continua\u00e7\u00e3o Titulares- Formul\u00e1rio de Solicita\u00e7\u00e3o:\u00a0<a href=\"https:\/\/nitt.ufcg.edu.br\/wp-content\/uploads\/2018\/01\/Continua\u00e7\u00e3o-Formulario-Pedido-Registro-Marca-Titulares.docx\" class=\"btn btn-primary btn-sm\"> download <\/a><\/blockquote>\n<p style=\"text-align: justify;\"><span style=\"display: inline !important; float: none; background-color: transparent; color: #333333; cursor: text; font-family: Georgia,'Times New Roman','Bitstream Charter',Times,serif; font-size: 16px; font-style: normal; font-variant: normal; font-weight: 400; letter-spacing: normal; orphans: 2; text-align: left; text-decoration: none; text-indent: 0px; text-transform: none; -webkit-text-stroke-width: 0px; white-space: normal; word-spacing: 0px;\">2. Encaminhar o formul\u00e1rio e os documentos\u00a0 necess\u00e1rios para o e-mail do NITT: <\/span><span style=\"color: #0000ff;\"><strong>nitt@ufcg.edu.br.<\/strong><\/span><\/p>\n<h3 style=\"text-align: justify;\">Solicita\u00e7\u00e3o de Registro de Desenho Industrial<\/h3>\n<p style=\"text-align: justify;\">1. Preencher o formul\u00e1rio: em breve.<\/p>\n<p style=\"text-align: justify;\">2. Encaminhar o formul\u00e1rio preenchido para nitt@ufcg.edu.br para an\u00e1lise.<\/p>\n","protected":false},"excerpt":{"rendered":"<p>Solicita\u00e7\u00e3o de Registro de PI\u00b4s O NITT orienta os pesquisadores da UFCG a realizarem busca de anterioridade em bases de informa\u00e7\u00e3o tecnol\u00f3gica antes do in\u00edcio de sua pesquisa, a fim de averiguar a novidade do resultado a ser alcan\u00e7ado no projeto de pesquisa ou extens\u00e3o. A partir de 2018 o NITT est\u00e1 com o projeto<a href=\"https:\/\/nitt.ufcg.edu.br\/?page_id=1807\">[&#8230;]<\/a><\/p>\n","protected":false},"author":1,"featured_media":0,"parent":0,"menu_order":0,"comment_status":"closed","ping_status":"closed","template":"template-fullwidth.php","meta":{"footnotes":""},"class_list":["post-1807","page","type-page","status-publish","hentry"],"_links":{"self":[{"href":"https:\/\/nitt.ufcg.edu.br\/index.php?rest_route=\/wp\/v2\/pages\/1807","targetHints":{"allow":["GET"]}}],"collection":[{"href":"https:\/\/nitt.ufcg.edu.br\/index.php?rest_route=\/wp\/v2\/pages"}],"about":[{"href":"https:\/\/nitt.ufcg.edu.br\/index.php?rest_route=\/wp\/v2\/types\/page"}],"author":[{"embeddable":true,"href":"https:\/\/nitt.ufcg.edu.br\/index.php?rest_route=\/wp\/v2\/users\/1"}],"replies":[{"embeddable":true,"href":"https:\/\/nitt.ufcg.edu.br\/index.php?rest_route=%2Fwp%2Fv2%2Fcomments&post=1807"}],"version-history":[{"count":5,"href":"https:\/\/nitt.ufcg.edu.br\/index.php?rest_route=\/wp\/v2\/pages\/1807\/revisions"}],"predecessor-version":[{"id":2288,"href":"https:\/\/nitt.ufcg.edu.br\/index.php?rest_route=\/wp\/v2\/pages\/1807\/revisions\/2288"}],"wp:attachment":[{"href":"https:\/\/nitt.ufcg.edu.br\/index.php?rest_route=%2Fwp%2Fv2%2Fmedia&parent=1807"}],"curies":[{"name":"wp","href":"https:\/\/api.w.org\/{rel}","templated":true}]}}