{"id":1809,"date":"2018-08-17T11:15:06","date_gmt":"2018-08-17T14:15:06","guid":{"rendered":"https:\/\/nitt.ufcg.edu.br\/?page_id=1809"},"modified":"2022-03-03T14:18:27","modified_gmt":"2022-03-03T17:18:27","slug":"legislacao","status":"publish","type":"page","link":"https:\/\/nitt.ufcg.edu.br\/?page_id=1809","title":{"rendered":"Legisla\u00e7\u00e3o"},"content":{"rendered":"<p>&nbsp;<\/p>\n<table style=\"height: 834px;\">\n<tbody>\n<tr>\n<td><strong>Documento<\/strong><\/td>\n<td><strong>Arquivo<\/strong><\/td>\n<\/tr>\n<tr>\n<td>Resolu\u00e7\u00e3o n\u00b0 02\/2008 (Cria o Programa de Inova\u00e7\u00e3o e Transfer\u00eancia<br \/>\nde Tecnologia da UFCG)<\/td>\n<td><strong><a href=\"http:\/\/www.ufcg.edu.br\/~costa\/resolucoes\/res_12022008.pdf\">PDF<\/a><\/strong><\/td>\n<\/tr>\n<tr>\n<td>Resolu\u00e7\u00e3o n\u00b0 02\/2009&nbsp; (Regimento do Comit\u00ea Gestor de Programa de ITT-UFCG)<\/td>\n<td><strong><a href=\"http:\/\/www.ufcg.edu.br\/~costa\/resolucoes\/res_12022009.pdf\">PDF<\/a><\/strong><\/td>\n<\/tr>\n<tr>\n<td>Resolu\u00e7\u00e3o n\u00b0 03\/2009 (Direitos da propriedade intelectual da UFCG)<\/td>\n<td><strong><a href=\"http:\/\/www.ufcg.edu.br\/~costa\/resolucoes\/res_12032009.pdf\">PDF<\/a><\/strong><\/td>\n<\/tr>\n<tr>\n<td>Resolu\u00e7\u00e3o n\u00b0 02\/2010 (Regimento do Comit\u00ea Gestor de Programa de ITT-UFCG)<\/td>\n<td><strong><a href=\"http:\/\/www.ufcg.edu.br\/~costa\/resolucoes\/res_12022009.pdf\">PDF<\/a><\/strong><\/td>\n<\/tr>\n<tr>\n<td>Resolu\u00e7\u00e3o n\u00b0 13\/2010 &nbsp;(Regimento do NITT-UFCG)<\/td>\n<td><strong><a href=\"http:\/\/www.ufcg.edu.br\/~costa\/resolucoes\/res_12132010.pdf\">PDF<\/a><\/strong><\/td>\n<\/tr>\n<tr>\n<td>Resolu\u00e7\u00e3o n\u00b0 01\/2012 (Regulamento de rela\u00e7\u00e3o coma a funda\u00e7\u00e3o de apoio)<\/td>\n<td><strong><a href=\"http:\/\/www.ufcg.edu.br\/~costa\/resolucoes\/res_12012012.pdf\">PDF<\/a><\/strong><\/td>\n<\/tr>\n<tr>\n<td>Resolu\u00e7\u00e3o n\u00b0 08\/2013 (Regulamento da utiliza\u00e7\u00e3o e o compartilhamento de laborat\u00f3rios, equipamentos, instrumentos e demais instala\u00e7\u00f5es da UFCG)<\/td>\n<td><strong><a href=\"http:\/\/www.ufcg.edu.br\/~costa\/resolucoes\/res_12082013.pdf\">PDF<\/a><\/strong><\/td>\n<\/tr>\n<tr>\n<td>LEI N\u00ba 10.973, DE 2 DE DEZEMBRO DE 2004 (Lei Federal da<br \/>\nInova\u00e7\u00e3o)&nbsp;<\/p>\n<p>Regulamentada pelo DECRETO N\u00ba 5.563, DE 11 DE OUTUBRO DE 2005. (REVOGADO PELO DECRETO &#8211; 9.283\/fev\/2018)<\/td>\n<td><strong><a href=\"https:\/\/www.planalto.gov.br\/ccivil_03\/_Ato2004-2006\/2004\/Lei\/L10.973.htm\">Link<\/a><\/strong>&nbsp;<\/p>\n<p>&nbsp;<\/p>\n<p><a href=\"http:\/\/legislacao.planalto.gov.br\/legisla\/legislacao.nsf\/Viw_Identificacao\/DEC%205.563-2005?OpenDocument\"><strong>Link<\/strong><\/a><\/td>\n<\/tr>\n<tr>\n<td>LEI N\u00ba 13.243, DE 11 DE JANEIRO DE 2016 (Novo Marco Legal de Inova\u00e7\u00e3o)&nbsp;<\/p>\n<p>Regulamentada pelo DECRETO N\u00ba 9.283, de 7 de fevereiro&nbsp; de 2018.<\/td>\n<td><strong><a href=\"http:\/\/www.planalto.gov.br\/CCIVIL_03\/_Ato2015-2018\/2016\/Lei\/L13243.htm\">Link<\/a><\/strong>&nbsp;<\/p>\n<p>&nbsp;<\/p>\n<p><strong><a href=\"http:\/\/www.planalto.gov.br\/ccivil_03\/_Ato2015-2018\/2018\/Decreto\/D9283.htm\">Link<\/a><\/strong><\/td>\n<\/tr>\n<tr>\n<td>Pol\u00edtica Institucional de Inova\u00e7\u00e3o Tecnol\u00f3gica da UFCG<\/td>\n<td>2018<\/td>\n<\/tr>\n<tr>\n<td>Resolu\u00e7\u00e3o n\u00b0 03\/2020 (Estabelece normas gerais e procedimentos referentes aos processos de Transfer\u00eancia e\/ou Licenciamento de Tecnologia e outras a\u00e7\u00f5es correlatas, geradas no \u00e2mbito da UFCG.)<\/td>\n<td><strong><a href=\"http:\/\/www.sods.ufcg.edu.br\/index.php\/col-pleno\/resolucoes?download=768:resolucao-n-03-2020\">PDF<\/a><\/strong><\/td>\n<\/tr>\n<\/tbody>\n<\/table>\n<p>&nbsp;<\/p>\n<p><strong>LEGISLA\u00c7\u00c3O FEDERAL<\/strong><\/p>\n<p><a href=\"http:\/\/www.planalto.gov.br\/ccivil_03\/_ato2004-2006\/2004\/Lei\/L10.973.htm\">Lei 10.973\/04 (Lei de Inova\u00e7\u00e3o):<\/a>&nbsp;Disp\u00f5e sobre incentivos \u00e0 inova\u00e7\u00e3o e \u00e0 pesquisa cient\u00edfica e tecnol\u00f3gica no ambiente produtivo.<\/p>\n<p><a href=\"http:\/\/www.planalto.gov.br\/ccivil_03\/_ato2004-2006\/2005\/Decreto\/D5563.htm\">Decreto 5.563\/05:<\/a>&nbsp;Regulamenta a Lei de Inova\u00e7\u00e3o.<\/p>\n<p><a href=\"http:\/\/www.planalto.gov.br\/ccivil_03\/Leis\/L9279.htm\">Lei 9.279\/96 (Lei da Propriedade Industrial):<\/a>&nbsp;Regula direitos e obriga\u00e7\u00f5es relativos \u00e0 propriedade industrial.<\/p>\n<p><a href=\"http:\/\/www.planalto.gov.br\/ccivil_03\/decreto\/D2553.htm\">Decreto 2.553\/98:<\/a>&nbsp;Regulamenta os arts. 75 e 88 a 93 da Lei da Propriedade Industrial.<\/p>\n<p><a href=\"http:\/\/www.planalto.gov.br\/ccivil_03\/Leis\/L8958.htm\">Lei n\u00ba 8.958\/94:<\/a>&nbsp;Disp\u00f5e sobre as rela\u00e7\u00f5es entre as institui\u00e7\u00f5es federais de ensino superior e de pesquisa tecnol\u00f3gica e as funda\u00e7\u00f5es de apoio.<\/p>\n<p><a href=\"http:\/\/www.planalto.gov.br\/ccivil_03\/_Ato2007-2010\/2010\/Decreto\/D7423.htm\">Decreto n\u00ba 7.423\/10:<\/a>&nbsp;Regulamenta a Lei n\u00ba 8.958\/94.<\/p>\n<p><a href=\"http:\/\/www.planalto.gov.br\/ccivil_03\/leis\/L9609.htm\">Lei 9.609\/98 (Lei de Programa de Computador):<\/a>&nbsp;Disp\u00f5e sobre a prote\u00e7\u00e3o da propriedade intelectual de programa de computador e sua comercializa\u00e7\u00e3o no Pa\u00eds.<\/p>\n<p><a href=\"http:\/\/www.planalto.gov.br\/ccivil_03\/decreto\/d2556.htm\">Decreto 2.556\/98:<\/a>&nbsp;Regulamenta o registro previsto no artigo 3\u00ba da Lei de Programa de Computador.<\/p>\n<p><a href=\"http:\/\/www.planalto.gov.br\/ccivil_03\/leis\/l9610.htm\">Lei 9.610\/98 (Lei de Direitos Autorais):<\/a>&nbsp;Altera, atualiza e consolida a legisla\u00e7\u00e3o sobre direitos autorais.<\/p>\n<p><a href=\"http:\/\/www.cultura.gov.br\/site\/wp-content\/uploads\/2007\/10\/decreto-75699.pdf\">Decreto 75.699\/75:<\/a>&nbsp;Promulga a Conven\u00e7\u00e3o de Berna para a Prote\u00e7\u00e3o das Obras Liter\u00e1rias e Art\u00edsticas.<\/p>\n<p><a href=\"http:\/\/www.planalto.gov.br\/ccivil_03\/_ato2004-2006\/2005\/lei\/L11196.htm\">Lei 11.196\/05 (Lei do Bem):<\/a>&nbsp;Disp\u00f5e, principalmente, sobre incentivos fiscais para a inova\u00e7\u00e3o tecnol\u00f3gica.<\/p>\n<p><a href=\"http:\/\/www.planalto.gov.br\/ccivil_03\/_ato2004-2006\/2006\/Decreto\/D5798.htm\">Decreto 5.798\/06:<\/a>&nbsp;Regulamenta os arts. 17 a 26 da Lei do Bem.<\/p>\n<p><a href=\"http:\/\/www.planalto.gov.br\/ccivil_03\/Leis\/L8666cons.htm\">Lei 8.666\/93:<\/a>&nbsp;Institui normas para licita\u00e7\u00f5es e contratos da Administra\u00e7\u00e3o P\u00fablica.<\/p>\n<p><a href=\"http:\/\/www.planalto.gov.br\/ccivil_03\/_Ato2007-2010\/2010\/Lei\/L12349.htm\">Lei 12.349\/10:<\/a>&nbsp;Altera a Lei 8.666\/93 para incentivar a inova\u00e7\u00e3o.<\/p>\n<p><a href=\"http:\/\/www.planalto.gov.br\/ccivil_03\/leis\/L9456.htm\">Lei 9.456\/97 (Lei de Prote\u00e7\u00e3o de Cultivares):<\/a>&nbsp;Institui a Lei de Prote\u00e7\u00e3o de Cultivares.<\/p>\n<p><a href=\"http:\/\/www.planalto.gov.br\/ccivil_03\/decreto\/1997\/d2366.htm\">Decreto 2.366\/97:<\/a>&nbsp;Regulamenta a Lei de Prote\u00e7\u00e3o de Cultivares.<\/p>\n<p><a href=\"http:\/\/www.planalto.gov.br\/ccivil_03\/Leis\/2003\/L10.711.htm\">Lei 10.711\/03 (Lei de Sementes e Mudas):<\/a>&nbsp;Disp\u00f5e sobre o Sistema Nacional de Sementes e Mudas.<\/p>\n<p><a href=\"http:\/\/www.planalto.gov.br\/ccivil_03\/_Ato2004-2006\/2004\/Decreto\/D5153.htm\">Decreto 5.153\/04:<\/a>&nbsp;Regulamenta a Lei de Sementes e Mudas.<\/p>\n<p><a href=\"http:\/\/www.planalto.gov.br\/ccivil_03\/_ato2007-2010\/2007\/Lei\/L11484.htm\">Lei 11.484\/07:<\/a>&nbsp;Disp\u00f5e sobre a prote\u00e7\u00e3o \u00e0 propriedade intelectual das topografias de circuitos integrados.<\/p>\n<p><a href=\"http:\/\/www.planalto.gov.br\/ccivil_03\/Leis\/L8955.htm\">Lei 8.955\/94:<\/a>&nbsp;Disp\u00f5e sobre o contrato de franquia empresarial (franchising).<\/p>\n<h4><strong>ATOS DO INPI<\/strong><\/h4>\n<p><a href=\"http:\/\/www.inpi.gov.br\/images\/stories\/Ato_Normativo_127-97.pdf\">Ato Normativo 127\/97 do INPI:<\/a>&nbsp;Disp\u00f5e sobre a aplica\u00e7\u00e3o da Lei de Propriedade Industrial em rela\u00e7\u00e3o \u00e0s patentes e certificados de adi\u00e7\u00e3o de inven\u00e7\u00e3o.<\/p>\n<p><a href=\"http:\/\/pesquisa.inpi.gov.br\/legislacao\/atos_normativos\/ato_128_97.htm?tr2\">Ato Normativo 128\/97 do INPI:<\/a>&nbsp;Disp\u00f5e sobre aplica\u00e7\u00e3o do Tratado de Coopera\u00e7\u00e3o em Mat\u00e9ria de Patentes (PCT).<\/p>\n<h4><strong>PORTARIAS MCTI<\/strong><\/h4>\n<p><a href=\"http:\/\/www.mct.gov.br\/index.php\/content\/view\/20158.html\">Portaria do MCT n\u00ba 88\/98:<\/a>&nbsp;Disp\u00f5e sobre ganhos econ\u00f4micos resultantes da explora\u00e7\u00e3o de resultados de cria\u00e7\u00e3o intelectual protegida por direitos de propriedade intelectual de servidor de \u00f3rg\u00e3o ou entidade do MCT.<\/p>\n<p><a href=\"http:\/\/www.mct.gov.br\/index.php\/content\/view\/316839.html\">Portaria MCT n\u00ba 118\/10:<\/a>&nbsp;Aprova o novo formul\u00e1rio para que as Institui\u00e7\u00f5es Cient\u00edficas e Tecnol\u00f3gicas \u2013 ICT prestem ao MCT, atrav\u00e9s do Minist\u00e9rio ou do \u00d3rg\u00e3o ao qual a Institui\u00e7\u00e3o seja subordinada ou vinculada, as informa\u00e7\u00f5es anuais relativas \u00e0 pol\u00edtica de propriedade intelectual da ICT.<\/p>\n<p><a href=\"http:\/\/www.mct.gov.br\/formict\/\">FORMICT:<\/a>&nbsp;Formul\u00e1rio para Informa\u00e7\u00f5es sobre a Pol\u00edtica de Propriedade Intelectual das Institui\u00e7\u00f5es Cient\u00edficas e Tecnol\u00f3gicas do Brasil.<\/p>\n","protected":false},"excerpt":{"rendered":"<p>&nbsp; Documento Arquivo Resolu\u00e7\u00e3o n\u00b0 02\/2008 (Cria o Programa de Inova\u00e7\u00e3o e Transfer\u00eancia de Tecnologia da UFCG) PDF Resolu\u00e7\u00e3o n\u00b0 02\/2009&nbsp; (Regimento do Comit\u00ea Gestor de Programa de ITT-UFCG) PDF Resolu\u00e7\u00e3o n\u00b0 03\/2009 (Direitos da propriedade intelectual da UFCG) PDF Resolu\u00e7\u00e3o n\u00b0 02\/2010 (Regimento do Comit\u00ea Gestor de Programa de ITT-UFCG) PDF Resolu\u00e7\u00e3o n\u00b0 13\/2010<a href=\"https:\/\/nitt.ufcg.edu.br\/?page_id=1809\">[&#8230;]<\/a><\/p>\n","protected":false},"author":1,"featured_media":0,"parent":0,"menu_order":0,"comment_status":"closed","ping_status":"closed","template":"template-fullwidth.php","meta":{"footnotes":""},"class_list":["post-1809","page","type-page","status-publish","hentry"],"_links":{"self":[{"href":"https:\/\/nitt.ufcg.edu.br\/index.php?rest_route=\/wp\/v2\/pages\/1809","targetHints":{"allow":["GET"]}}],"collection":[{"href":"https:\/\/nitt.ufcg.edu.br\/index.php?rest_route=\/wp\/v2\/pages"}],"about":[{"href":"https:\/\/nitt.ufcg.edu.br\/index.php?rest_route=\/wp\/v2\/types\/page"}],"author":[{"embeddable":true,"href":"https:\/\/nitt.ufcg.edu.br\/index.php?rest_route=\/wp\/v2\/users\/1"}],"replies":[{"embeddable":true,"href":"https:\/\/nitt.ufcg.edu.br\/index.php?rest_route=%2Fwp%2Fv2%2Fcomments&post=1809"}],"version-history":[{"count":3,"href":"https:\/\/nitt.ufcg.edu.br\/index.php?rest_route=\/wp\/v2\/pages\/1809\/revisions"}],"predecessor-version":[{"id":11490,"href":"https:\/\/nitt.ufcg.edu.br\/index.php?rest_route=\/wp\/v2\/pages\/1809\/revisions\/11490"}],"wp:attachment":[{"href":"https:\/\/nitt.ufcg.edu.br\/index.php?rest_route=%2Fwp%2Fv2%2Fmedia&parent=1809"}],"curies":[{"name":"wp","href":"https:\/\/api.w.org\/{rel}","templated":true}]}}