{"id":1827,"date":"2018-08-20T10:08:37","date_gmt":"2018-08-20T13:08:37","guid":{"rendered":"https:\/\/nitt.ufcg.edu.br\/?page_id=1827"},"modified":"2021-12-02T18:44:12","modified_gmt":"2021-12-02T21:44:12","slug":"sobre-o-nitt","status":"publish","type":"page","link":"https:\/\/nitt.ufcg.edu.br\/?page_id=1827","title":{"rendered":"Sobre o NITT"},"content":{"rendered":"<p><img loading=\"lazy\" decoding=\"async\" class=\"wp-image-2168 size-medium aligncenter\" src=\"https:\/\/nitt.ufcg.edu.br\/wp-content\/uploads\/2021\/11\/Logo_nitt_Entregaveis-04-300x97.png\" alt=\"\" width=\"300\" height=\"97\" srcset=\"https:\/\/nitt.ufcg.edu.br\/wp-content\/uploads\/2021\/11\/Logo_nitt_Entregaveis-04-300x97.png 300w, https:\/\/nitt.ufcg.edu.br\/wp-content\/uploads\/2021\/11\/Logo_nitt_Entregaveis-04-1024x331.png 1024w, https:\/\/nitt.ufcg.edu.br\/wp-content\/uploads\/2021\/11\/Logo_nitt_Entregaveis-04-768x249.png 768w, https:\/\/nitt.ufcg.edu.br\/wp-content\/uploads\/2021\/11\/Logo_nitt_Entregaveis-04.png 1069w\" sizes=\"auto, (max-width: 300px) 100vw, 300px\" \/><\/p>\n<p><strong>Hist\u00f3rico<\/strong><\/p>\n<p style=\"text-align: justify;\">O Programa de Inova\u00e7\u00e3o e Transfer\u00eancia de Tecnologia foi criado no dia 26 de maio de 2008, buscando atender a Lei N\u00b0 10.973\/04 \u2013 Lei de Inova\u00e7\u00e3o. O Programa \u00e9 formado por um Comit\u00ea Gestor, presidido pelo reitor da UFCG, e um N\u00facleo de Inova\u00e7\u00e3o e Transfer\u00eancia de Tecnologia \u2013 NITT.<\/p>\n<p style=\"text-align: justify;\">A proposta de cria\u00e7\u00e3o do programa de Inova\u00e7\u00e3o e Transfer\u00eancia de Tecnologia foi de autoria na \u00e9poca do pr\u00f3-reitor de P\u00f3s-gradua\u00e7\u00e3o, o professor Michel Fossy, tendo como relator o professor P\u00e9ricles Rezende. O reitor Thomson Mariz nomeou o professor Carlos Minor Tomiyoshi como coordenador do N\u00facleo de Inova\u00e7\u00e3o e Transfer\u00eancia de Tecnologia \u2013 NITT, ao qual atuou como gestor do n\u00facleo de 2008 a 2017.<\/p>\n<p style=\"text-align: justify;\">O professor Carlos Minor atuou na implanta\u00e7\u00e3o dos principais procedimentos de prote\u00e7\u00e3o das cria\u00e7\u00f5es geradas pela UFCG, como tamb\u00e9m na dissemina\u00e7\u00e3o da cultura de propriedade intelectual, buscando capacitar o maior n\u00famero de pesquisadores na \u00e1rea de PI. Sua atua\u00e7\u00e3o foi de extrema import\u00e2ncia, gerando assim resultados para continua\u00e7\u00e3o das a\u00e7\u00f5es do N\u00facleo de Inova\u00e7\u00e3o e Transfer\u00eancia de Tecnologia \u2013 NITT-UFCG.<\/p>\n<p><strong>O que o NITT faz?<\/strong><\/p>\n<p style=\"text-align: justify;\">O NITT\u00a0presta assessoria e orienta\u00e7\u00e3o nos tr\u00e2mites para a prote\u00e7\u00e3o da Propriedade Intelectual em todos seus aspectos. Mais precisamente, atua na orienta\u00e7\u00e3o para elabora\u00e7\u00e3o, encaminhamento e acompanhamento dos dep\u00f3sitos de pedidos de Patentes, de registros de Marcas e de Softwares junto ao Instituto Nacional da Propriedade Industrial (INPI), bem como na prote\u00e7\u00e3o de Direitos Autorais junto \u00e0 Biblioteca Nacional, e na prote\u00e7\u00e3o e\/ou registro de Cultivares junto ao Minist\u00e9rio da Agricultura, Pecu\u00e1ria e Abastecimento (MAPA).<\/p>\n<p><strong>Atua\u00e7\u00e3o do NITT<\/strong><\/p>\n<p style=\"text-align: justify;\">Caracterizando-se como um mecanismo de interface, o NITT atua na compatibiliza\u00e7\u00e3o das ofertas tecnol\u00f3gicas existentes na UFCG com as demandas empresariais, apoiando o encaminhamento de poss\u00edveis solu\u00e7\u00f5es atrav\u00e9s de diferentes a\u00e7\u00f5es:\u00a0Transfer\u00eancia de Tecnologia, Compartilhamento de Laborat\u00f3rio e Conv\u00eanio de Pesquisa e Desenvolvimento de Tecnologia.<\/p>\n<p><strong>Divulga\u00e7\u00e3o sobre PI<\/strong><\/p>\n<p style=\"text-align: justify;\">O NITT oferece tamb\u00e9m a profer\u00eancia de Palestras, Cursos e Oficinas para a dissemina\u00e7\u00e3o da cultura da Prote\u00e7\u00e3o da Propriedade Intelectual, da Transfer\u00eancia de Tecnologia, da Inova\u00e7\u00e3o e do Empreendedorismo, tanto no meio acad\u00eamico quanto no meio empresarial..<\/p>\n<p>Toda comunidade acad\u00eamica e empresas vinculadas a UFCG podem usufruir dos servi\u00e7os prestados pelo NITT e, de forma suplementar, esses servi\u00e7os tamb\u00e9m s\u00e3o estendidos a toda a comunidade paraibana.<\/p>\n","protected":false},"excerpt":{"rendered":"<p>Hist\u00f3rico O Programa de Inova\u00e7\u00e3o e Transfer\u00eancia de Tecnologia foi criado no dia 26 de maio de 2008, buscando atender a Lei N\u00b0 10.973\/04 \u2013 Lei de Inova\u00e7\u00e3o. O Programa \u00e9 formado por um Comit\u00ea Gestor, presidido pelo reitor da UFCG, e um N\u00facleo de Inova\u00e7\u00e3o e Transfer\u00eancia de Tecnologia \u2013 NITT. A proposta de<a href=\"https:\/\/nitt.ufcg.edu.br\/?page_id=1827\">[&#8230;]<\/a><\/p>\n","protected":false},"author":1,"featured_media":0,"parent":0,"menu_order":0,"comment_status":"closed","ping_status":"closed","template":"template-fullwidth.php","meta":{"footnotes":""},"class_list":["post-1827","page","type-page","status-publish","hentry"],"_links":{"self":[{"href":"https:\/\/nitt.ufcg.edu.br\/index.php?rest_route=\/wp\/v2\/pages\/1827","targetHints":{"allow":["GET"]}}],"collection":[{"href":"https:\/\/nitt.ufcg.edu.br\/index.php?rest_route=\/wp\/v2\/pages"}],"about":[{"href":"https:\/\/nitt.ufcg.edu.br\/index.php?rest_route=\/wp\/v2\/types\/page"}],"author":[{"embeddable":true,"href":"https:\/\/nitt.ufcg.edu.br\/index.php?rest_route=\/wp\/v2\/users\/1"}],"replies":[{"embeddable":true,"href":"https:\/\/nitt.ufcg.edu.br\/index.php?rest_route=%2Fwp%2Fv2%2Fcomments&post=1827"}],"version-history":[{"count":5,"href":"https:\/\/nitt.ufcg.edu.br\/index.php?rest_route=\/wp\/v2\/pages\/1827\/revisions"}],"predecessor-version":[{"id":2279,"href":"https:\/\/nitt.ufcg.edu.br\/index.php?rest_route=\/wp\/v2\/pages\/1827\/revisions\/2279"}],"wp:attachment":[{"href":"https:\/\/nitt.ufcg.edu.br\/index.php?rest_route=%2Fwp%2Fv2%2Fmedia&parent=1827"}],"curies":[{"name":"wp","href":"https:\/\/api.w.org\/{rel}","templated":true}]}}