{"id":2069,"date":"2021-10-18T14:36:05","date_gmt":"2021-10-18T17:36:05","guid":{"rendered":"https:\/\/nitt.ufcg.edu.br\/?page_id=2069"},"modified":"2021-10-21T11:32:47","modified_gmt":"2021-10-21T14:32:47","slug":"empresas-jrs","status":"publish","type":"page","link":"https:\/\/nitt.ufcg.edu.br\/?page_id=2069","title":{"rendered":"Empresas Jrs."},"content":{"rendered":"\n<div class=\"wp-block-media-text alignwide is-stacked-on-mobile\" style=\"grid-template-columns:32% auto\"><figure class=\"wp-block-media-text__media\"><img loading=\"lazy\" decoding=\"async\" width=\"200\" height=\"200\" src=\"https:\/\/nitt.ufcg.edu.br\/wp-content\/uploads\/2021\/10\/WhatsApp-Image-2021-10-19-at-14.49.24.jpeg\" alt=\"\" class=\"wp-image-2120 size-full\" srcset=\"https:\/\/nitt.ufcg.edu.br\/wp-content\/uploads\/2021\/10\/WhatsApp-Image-2021-10-19-at-14.49.24.jpeg 200w, https:\/\/nitt.ufcg.edu.br\/wp-content\/uploads\/2021\/10\/WhatsApp-Image-2021-10-19-at-14.49.24-150x150.jpeg 150w, https:\/\/nitt.ufcg.edu.br\/wp-content\/uploads\/2021\/10\/WhatsApp-Image-2021-10-19-at-14.49.24-174x174.jpeg 174w\" sizes=\"auto, (max-width: 200px) 100vw, 200px\" \/><\/figure><div class=\"wp-block-media-text__content\">\n<p style=\"font-size:32px\">Prospect-Empresa J\u00fanior de Administra\u00e7\u00e3o<\/p>\n\n\n\n<h2 class=\"wp-block-heading\">Curso Abrangido: Administra\u00e7\u00e3o<\/h2>\n\n\n\n<p>Servi\u00e7os:<br>Servi\u00e7os nas \u00e1reas administrativas:<br>Marketing (Planejamento de marketing, pesquisa de mercado, cliente oculto, pesquisa de satisfa\u00e7\u00e3o e transforma\u00e7\u00e3o digital)<br>Financeiro (Planejamento financeiro e an\u00e1lise de custos)<br>Gest\u00e3o de pessoas (Recrutamento e sele\u00e7\u00e3o, an\u00e1lise e descri\u00e7\u00e3o de cargos, cultura organizacional e treinamento empresarial)<br>Estrat\u00e9gico (Plano de neg\u00f3cios e planejamento estrat\u00e9gico)<br>Gest\u00e3o de qualidade (Mapeamento de processos)<\/p>\n\n\n\n<p>Telefone: (83) 9 9621-3342<\/p>\n\n\n\n<ul class=\"wp-block-social-links is-layout-flex wp-block-social-links-is-layout-flex\"><li class=\"wp-social-link wp-social-link-instagram  wp-block-social-link\"><a href=\"https:\/\/www.instagram.com\/prospectej\/\" class=\"wp-block-social-link-anchor\"><svg width=\"24\" height=\"24\" viewBox=\"0 0 24 24\" version=\"1.1\" xmlns=\"http:\/\/www.w3.org\/2000\/svg\" aria-hidden=\"true\" focusable=\"false\"><path d=\"M12,4.622c2.403,0,2.688,0.009,3.637,0.052c0.877,0.04,1.354,0.187,1.671,0.31c0.42,0.163,0.72,0.358,1.035,0.673 c0.315,0.315,0.51,0.615,0.673,1.035c0.123,0.317,0.27,0.794,0.31,1.671c0.043,0.949,0.052,1.234,0.052,3.637 s-0.009,2.688-0.052,3.637c-0.04,0.877-0.187,1.354-0.31,1.671c-0.163,0.42-0.358,0.72-0.673,1.035 c-0.315,0.315-0.615,0.51-1.035,0.673c-0.317,0.123-0.794,0.27-1.671,0.31c-0.949,0.043-1.233,0.052-3.637,0.052 s-2.688-0.009-3.637-0.052c-0.877-0.04-1.354-0.187-1.671-0.31c-0.42-0.163-0.72-0.358-1.035-0.673 c-0.315-0.315-0.51-0.615-0.673-1.035c-0.123-0.317-0.27-0.794-0.31-1.671C4.631,14.688,4.622,14.403,4.622,12 s0.009-2.688,0.052-3.637c0.04-0.877,0.187-1.354,0.31-1.671c0.163-0.42,0.358-0.72,0.673-1.035 c0.315-0.315,0.615-0.51,1.035-0.673c0.317-0.123,0.794-0.27,1.671-0.31C9.312,4.631,9.597,4.622,12,4.622 M12,3 C9.556,3,9.249,3.01,8.289,3.054C7.331,3.098,6.677,3.25,6.105,3.472C5.513,3.702,5.011,4.01,4.511,4.511 c-0.5,0.5-0.808,1.002-1.038,1.594C3.25,6.677,3.098,7.331,3.054,8.289C3.01,9.249,3,9.556,3,12c0,2.444,0.01,2.751,0.054,3.711 c0.044,0.958,0.196,1.612,0.418,2.185c0.23,0.592,0.538,1.094,1.038,1.594c0.5,0.5,1.002,0.808,1.594,1.038 c0.572,0.222,1.227,0.375,2.185,0.418C9.249,20.99,9.556,21,12,21s2.751-0.01,3.711-0.054c0.958-0.044,1.612-0.196,2.185-0.418 c0.592-0.23,1.094-0.538,1.594-1.038c0.5-0.5,0.808-1.002,1.038-1.594c0.222-0.572,0.375-1.227,0.418-2.185 C20.99,14.751,21,14.444,21,12s-0.01-2.751-0.054-3.711c-0.044-0.958-0.196-1.612-0.418-2.185c-0.23-0.592-0.538-1.094-1.038-1.594 c-0.5-0.5-1.002-0.808-1.594-1.038c-0.572-0.222-1.227-0.375-2.185-0.418C14.751,3.01,14.444,3,12,3L12,3z M12,7.378 c-2.552,0-4.622,2.069-4.622,4.622S9.448,16.622,12,16.622s4.622-2.069,4.622-4.622S14.552,7.378,12,7.378z M12,15 c-1.657,0-3-1.343-3-3s1.343-3,3-3s3,1.343,3,3S13.657,15,12,15z M16.804,6.116c-0.596,0-1.08,0.484-1.08,1.08 s0.484,1.08,1.08,1.08c0.596,0,1.08-0.484,1.08-1.08S17.401,6.116,16.804,6.116z\"><\/path><\/svg><span class=\"wp-block-social-link-label screen-reader-text\">Instagram<\/span><\/a><\/li>\n\n\n\n<li class=\"wp-social-link wp-social-link-mail  wp-block-social-link\"><a href=\"mailto:&#112;re&#115;id&#101;n&#099;&#105;&#097;&#064;pr&#111;&#115;p&#101;ctju&#110;i&#111;r&#046;&#099;om\" class=\"wp-block-social-link-anchor\"><svg width=\"24\" height=\"24\" viewBox=\"0 0 24 24\" version=\"1.1\" xmlns=\"http:\/\/www.w3.org\/2000\/svg\" aria-hidden=\"true\" focusable=\"false\"><path d=\"M19,5H5c-1.1,0-2,.9-2,2v10c0,1.1.9,2,2,2h14c1.1,0,2-.9,2-2V7c0-1.1-.9-2-2-2zm.5,12c0,.3-.2.5-.5.5H5c-.3,0-.5-.2-.5-.5V9.8l7.5,5.6,7.5-5.6V17zm0-9.1L12,13.6,4.5,7.9V7c0-.3.2-.5.5-.5h14c.3,0,.5.2.5.5v.9z\"><\/path><\/svg><span class=\"wp-block-social-link-label screen-reader-text\">E-mail<\/span><\/a><\/li>\n\n<li class=\"wp-social-link wp-social-link-chain  wp-block-social-link\"><a href=\"https:\/\/prospectjunior.com\/\" class=\"wp-block-social-link-anchor\"><svg width=\"24\" height=\"24\" viewBox=\"0 0 24 24\" version=\"1.1\" xmlns=\"http:\/\/www.w3.org\/2000\/svg\" aria-hidden=\"true\" focusable=\"false\"><path d=\"M15.6,7.2H14v1.5h1.6c2,0,3.7,1.7,3.7,3.7s-1.7,3.7-3.7,3.7H14v1.5h1.6c2.8,0,5.2-2.3,5.2-5.2,0-2.9-2.3-5.2-5.2-5.2zM4.7,12.4c0-2,1.7-3.7,3.7-3.7H10V7.2H8.4c-2.9,0-5.2,2.3-5.2,5.2,0,2.9,2.3,5.2,5.2,5.2H10v-1.5H8.4c-2,0-3.7-1.7-3.7-3.7zm4.6.9h5.3v-1.5H9.3v1.5z\"><\/path><\/svg><span class=\"wp-block-social-link-label screen-reader-text\">Link<\/span><\/a><\/li><\/ul>\n<\/div><\/div>\n\n\n\n<div class=\"wp-block-media-text alignwide is-stacked-on-mobile\" style=\"grid-template-columns:32% auto\"><figure class=\"wp-block-media-text__media\"><img loading=\"lazy\" decoding=\"async\" width=\"169\" height=\"183\" src=\"https:\/\/nitt.ufcg.edu.br\/wp-content\/uploads\/2021\/10\/WhatsApp-Image-2021-10-19-at-14.53.45.jpeg\" alt=\"\" class=\"wp-image-2123 size-full\"\/><\/figure><div class=\"wp-block-media-text__content\">\n<p style=\"font-size:32px\">Prodativa Consultoria Jr<\/p>\n\n\n\n<h2 class=\"wp-block-heading\">Curso Abrangido: ENGENHARIA DE PRODU\u00c7\u00c3O<\/h2>\n\n\n\n<p><br>Servi\u00e7os: Trabalhamos em 4 grandes \u00e1reas: Processos,Produ\u00e7\u00e3o, Financeiro,Estrat\u00e9gico<\/p>\n\n\n\n<p><br>Telefone: (84)996997198<\/p>\n\n\n\n<ul class=\"wp-block-social-links is-layout-flex wp-block-social-links-is-layout-flex\"><li class=\"wp-social-link wp-social-link-instagram  wp-block-social-link\"><a href=\"https:\/\/www.instagram.com\/prodativajr\/\" class=\"wp-block-social-link-anchor\"><svg width=\"24\" height=\"24\" viewBox=\"0 0 24 24\" version=\"1.1\" xmlns=\"http:\/\/www.w3.org\/2000\/svg\" aria-hidden=\"true\" focusable=\"false\"><path d=\"M12,4.622c2.403,0,2.688,0.009,3.637,0.052c0.877,0.04,1.354,0.187,1.671,0.31c0.42,0.163,0.72,0.358,1.035,0.673 c0.315,0.315,0.51,0.615,0.673,1.035c0.123,0.317,0.27,0.794,0.31,1.671c0.043,0.949,0.052,1.234,0.052,3.637 s-0.009,2.688-0.052,3.637c-0.04,0.877-0.187,1.354-0.31,1.671c-0.163,0.42-0.358,0.72-0.673,1.035 c-0.315,0.315-0.615,0.51-1.035,0.673c-0.317,0.123-0.794,0.27-1.671,0.31c-0.949,0.043-1.233,0.052-3.637,0.052 s-2.688-0.009-3.637-0.052c-0.877-0.04-1.354-0.187-1.671-0.31c-0.42-0.163-0.72-0.358-1.035-0.673 c-0.315-0.315-0.51-0.615-0.673-1.035c-0.123-0.317-0.27-0.794-0.31-1.671C4.631,14.688,4.622,14.403,4.622,12 s0.009-2.688,0.052-3.637c0.04-0.877,0.187-1.354,0.31-1.671c0.163-0.42,0.358-0.72,0.673-1.035 c0.315-0.315,0.615-0.51,1.035-0.673c0.317-0.123,0.794-0.27,1.671-0.31C9.312,4.631,9.597,4.622,12,4.622 M12,3 C9.556,3,9.249,3.01,8.289,3.054C7.331,3.098,6.677,3.25,6.105,3.472C5.513,3.702,5.011,4.01,4.511,4.511 c-0.5,0.5-0.808,1.002-1.038,1.594C3.25,6.677,3.098,7.331,3.054,8.289C3.01,9.249,3,9.556,3,12c0,2.444,0.01,2.751,0.054,3.711 c0.044,0.958,0.196,1.612,0.418,2.185c0.23,0.592,0.538,1.094,1.038,1.594c0.5,0.5,1.002,0.808,1.594,1.038 c0.572,0.222,1.227,0.375,2.185,0.418C9.249,20.99,9.556,21,12,21s2.751-0.01,3.711-0.054c0.958-0.044,1.612-0.196,2.185-0.418 c0.592-0.23,1.094-0.538,1.594-1.038c0.5-0.5,0.808-1.002,1.038-1.594c0.222-0.572,0.375-1.227,0.418-2.185 C20.99,14.751,21,14.444,21,12s-0.01-2.751-0.054-3.711c-0.044-0.958-0.196-1.612-0.418-2.185c-0.23-0.592-0.538-1.094-1.038-1.594 c-0.5-0.5-1.002-0.808-1.594-1.038c-0.572-0.222-1.227-0.375-2.185-0.418C14.751,3.01,14.444,3,12,3L12,3z M12,7.378 c-2.552,0-4.622,2.069-4.622,4.622S9.448,16.622,12,16.622s4.622-2.069,4.622-4.622S14.552,7.378,12,7.378z M12,15 c-1.657,0-3-1.343-3-3s1.343-3,3-3s3,1.343,3,3S13.657,15,12,15z M16.804,6.116c-0.596,0-1.08,0.484-1.08,1.08 s0.484,1.08,1.08,1.08c0.596,0,1.08-0.484,1.08-1.08S17.401,6.116,16.804,6.116z\"><\/path><\/svg><span class=\"wp-block-social-link-label screen-reader-text\">Instagram<\/span><\/a><\/li>\n\n\n\n<li class=\"wp-social-link wp-social-link-mail  wp-block-social-link\"><a href=\"https:\/\/%20Email:%20prodativaconsultoriajr@prodativar.net\" class=\"wp-block-social-link-anchor\"><svg width=\"24\" height=\"24\" viewBox=\"0 0 24 24\" version=\"1.1\" xmlns=\"http:\/\/www.w3.org\/2000\/svg\" aria-hidden=\"true\" focusable=\"false\"><path d=\"M19,5H5c-1.1,0-2,.9-2,2v10c0,1.1.9,2,2,2h14c1.1,0,2-.9,2-2V7c0-1.1-.9-2-2-2zm.5,12c0,.3-.2.5-.5.5H5c-.3,0-.5-.2-.5-.5V9.8l7.5,5.6,7.5-5.6V17zm0-9.1L12,13.6,4.5,7.9V7c0-.3.2-.5.5-.5h14c.3,0,.5.2.5.5v.9z\"><\/path><\/svg><span class=\"wp-block-social-link-label screen-reader-text\">E-mail<\/span><\/a><\/li><\/ul>\n<\/div><\/div>\n\n\n\n<div class=\"wp-block-media-text alignwide is-stacked-on-mobile\" style=\"grid-template-columns:32% auto\"><figure class=\"wp-block-media-text__media\"><img loading=\"lazy\" decoding=\"async\" width=\"512\" height=\"320\" src=\"https:\/\/nitt.ufcg.edu.br\/wp-content\/uploads\/2021\/10\/unnamed.png\" alt=\"\" class=\"wp-image-2128 size-full\" srcset=\"https:\/\/nitt.ufcg.edu.br\/wp-content\/uploads\/2021\/10\/unnamed.png 512w, https:\/\/nitt.ufcg.edu.br\/wp-content\/uploads\/2021\/10\/unnamed-300x188.png 300w\" sizes=\"auto, (max-width: 512px) 100vw, 512px\" \/><\/figure><div class=\"wp-block-media-text__content\">\n<p style=\"font-size:32px\">Produp Jr. Consultoria &amp; Solu\u00e7\u00f5es Organizacionais<\/p>\n\n\n\n<h2 class=\"wp-block-heading\">Curso Abrangido: Engenharia de Produ\u00e7\u00e3o<\/h2>\n\n\n\n<p><br>Servi\u00e7os: Gest\u00e3o financeira, Plano de Marketing, Planejamento Estrat\u00e9gico, Plano de Neg\u00f3cios.<\/p>\n\n\n\n<p><br>Telefone:+55 83 9 9613-9071<\/p>\n\n\n\n<ul class=\"wp-block-social-links is-layout-flex wp-block-social-links-is-layout-flex\">\n\n\n\n<li class=\"wp-social-link wp-social-link-mail  wp-block-social-link\"><a href=\"mailto:p&#114;&#111;&#100;&#117;p&#046;&#099;d&#115;&#097;&#064;gma&#105;&#108;&#046;c&#111;m\" class=\"wp-block-social-link-anchor\"><svg width=\"24\" height=\"24\" viewBox=\"0 0 24 24\" version=\"1.1\" xmlns=\"http:\/\/www.w3.org\/2000\/svg\" aria-hidden=\"true\" focusable=\"false\"><path d=\"M19,5H5c-1.1,0-2,.9-2,2v10c0,1.1.9,2,2,2h14c1.1,0,2-.9,2-2V7c0-1.1-.9-2-2-2zm.5,12c0,.3-.2.5-.5.5H5c-.3,0-.5-.2-.5-.5V9.8l7.5,5.6,7.5-5.6V17zm0-9.1L12,13.6,4.5,7.9V7c0-.3.2-.5.5-.5h14c.3,0,.5.2.5.5v.9z\"><\/path><\/svg><span class=\"wp-block-social-link-label screen-reader-text\">E-mail<\/span><\/a><\/li><\/ul>\n\n\n\n<p><\/p>\n<\/div><\/div>\n\n\n\n<div class=\"wp-block-media-text alignwide is-stacked-on-mobile\" style=\"grid-template-columns:32% auto\"><figure class=\"wp-block-media-text__media\"><img loading=\"lazy\" decoding=\"async\" width=\"157\" height=\"164\" src=\"https:\/\/nitt.ufcg.edu.br\/wp-content\/uploads\/2021\/10\/WhatsApp-Image-2021-10-19-at-14.57.25.jpeg\" alt=\"\" class=\"wp-image-2130 size-full\"\/><\/figure><div class=\"wp-block-media-text__content\">\n<p style=\"font-size:32px\">P\u00f3rtico Engenharia j\u00fanior<\/p>\n\n\n\n<h2 class=\"wp-block-heading\">Curso Abrangido: Engenharia civil<\/h2>\n\n\n\n<p>Servi\u00e7os: Projeto arquitet\u00f4nico, el\u00e9trico, Hidrossanit\u00e1rio, estrutural, reforma, or\u00e7amento de obras, regulariza\u00e7\u00e3o de obras, renderiza\u00e7\u00e3o, As biult, projeto de preven\u00e7\u00e3o e combate a inc\u00eandio, projeto de fachada.<\/p>\n\n\n\n<p>Telefone: (83) 9 9841-2678<\/p>\n\n\n\n<ul class=\"wp-block-social-links is-layout-flex wp-block-social-links-is-layout-flex\"><li class=\"wp-social-link wp-social-link-instagram  wp-block-social-link\"><a href=\"https:\/\/instagram.com\/porticoengjr?utm_medium=copy_link\" class=\"wp-block-social-link-anchor\"><svg width=\"24\" height=\"24\" viewBox=\"0 0 24 24\" version=\"1.1\" xmlns=\"http:\/\/www.w3.org\/2000\/svg\" aria-hidden=\"true\" focusable=\"false\"><path d=\"M12,4.622c2.403,0,2.688,0.009,3.637,0.052c0.877,0.04,1.354,0.187,1.671,0.31c0.42,0.163,0.72,0.358,1.035,0.673 c0.315,0.315,0.51,0.615,0.673,1.035c0.123,0.317,0.27,0.794,0.31,1.671c0.043,0.949,0.052,1.234,0.052,3.637 s-0.009,2.688-0.052,3.637c-0.04,0.877-0.187,1.354-0.31,1.671c-0.163,0.42-0.358,0.72-0.673,1.035 c-0.315,0.315-0.615,0.51-1.035,0.673c-0.317,0.123-0.794,0.27-1.671,0.31c-0.949,0.043-1.233,0.052-3.637,0.052 s-2.688-0.009-3.637-0.052c-0.877-0.04-1.354-0.187-1.671-0.31c-0.42-0.163-0.72-0.358-1.035-0.673 c-0.315-0.315-0.51-0.615-0.673-1.035c-0.123-0.317-0.27-0.794-0.31-1.671C4.631,14.688,4.622,14.403,4.622,12 s0.009-2.688,0.052-3.637c0.04-0.877,0.187-1.354,0.31-1.671c0.163-0.42,0.358-0.72,0.673-1.035 c0.315-0.315,0.615-0.51,1.035-0.673c0.317-0.123,0.794-0.27,1.671-0.31C9.312,4.631,9.597,4.622,12,4.622 M12,3 C9.556,3,9.249,3.01,8.289,3.054C7.331,3.098,6.677,3.25,6.105,3.472C5.513,3.702,5.011,4.01,4.511,4.511 c-0.5,0.5-0.808,1.002-1.038,1.594C3.25,6.677,3.098,7.331,3.054,8.289C3.01,9.249,3,9.556,3,12c0,2.444,0.01,2.751,0.054,3.711 c0.044,0.958,0.196,1.612,0.418,2.185c0.23,0.592,0.538,1.094,1.038,1.594c0.5,0.5,1.002,0.808,1.594,1.038 c0.572,0.222,1.227,0.375,2.185,0.418C9.249,20.99,9.556,21,12,21s2.751-0.01,3.711-0.054c0.958-0.044,1.612-0.196,2.185-0.418 c0.592-0.23,1.094-0.538,1.594-1.038c0.5-0.5,0.808-1.002,1.038-1.594c0.222-0.572,0.375-1.227,0.418-2.185 C20.99,14.751,21,14.444,21,12s-0.01-2.751-0.054-3.711c-0.044-0.958-0.196-1.612-0.418-2.185c-0.23-0.592-0.538-1.094-1.038-1.594 c-0.5-0.5-1.002-0.808-1.594-1.038c-0.572-0.222-1.227-0.375-2.185-0.418C14.751,3.01,14.444,3,12,3L12,3z M12,7.378 c-2.552,0-4.622,2.069-4.622,4.622S9.448,16.622,12,16.622s4.622-2.069,4.622-4.622S14.552,7.378,12,7.378z M12,15 c-1.657,0-3-1.343-3-3s1.343-3,3-3s3,1.343,3,3S13.657,15,12,15z M16.804,6.116c-0.596,0-1.08,0.484-1.08,1.08 s0.484,1.08,1.08,1.08c0.596,0,1.08-0.484,1.08-1.08S17.401,6.116,16.804,6.116z\"><\/path><\/svg><span class=\"wp-block-social-link-label screen-reader-text\">Instagram<\/span><\/a><\/li>\n\n\n\n<li class=\"wp-social-link wp-social-link-mail  wp-block-social-link\"><a href=\"\" class=\"wp-block-social-link-anchor\"><svg width=\"24\" height=\"24\" viewBox=\"0 0 24 24\" version=\"1.1\" xmlns=\"http:\/\/www.w3.org\/2000\/svg\" aria-hidden=\"true\" focusable=\"false\"><path d=\"M19,5H5c-1.1,0-2,.9-2,2v10c0,1.1.9,2,2,2h14c1.1,0,2-.9,2-2V7c0-1.1-.9-2-2-2zm.5,12c0,.3-.2.5-.5.5H5c-.3,0-.5-.2-.5-.5V9.8l7.5,5.6,7.5-5.6V17zm0-9.1L12,13.6,4.5,7.9V7c0-.3.2-.5.5-.5h14c.3,0,.5.2.5.5v.9z\"><\/path><\/svg><span class=\"wp-block-social-link-label screen-reader-text\">E-mail<\/span><\/a><\/li><\/ul>\n\n\n\n<p><\/p>\n<\/div><\/div>\n\n\n\n<div class=\"wp-block-media-text alignwide is-stacked-on-mobile\" style=\"grid-template-columns:32% auto\"><figure class=\"wp-block-media-text__media\"><img loading=\"lazy\" decoding=\"async\" width=\"147\" height=\"115\" src=\"https:\/\/nitt.ufcg.edu.br\/wp-content\/uploads\/2021\/10\/WhatsApp-Image-2021-10-19-at-14.58.32.jpeg\" alt=\"\" class=\"wp-image-2131 size-full\"\/><\/figure><div class=\"wp-block-media-text__content\">\n<p style=\"font-size:32px\">Alicerce Empresa J\u00fanior<\/p>\n\n\n\n<h2 class=\"wp-block-heading\">Arquitetura e Urbanismo e Engenharia Civil<\/h2>\n\n\n\n<p>Servi\u00e7os:<\/p>\n\n\n\n<ul class=\"wp-block-list\"><li>Projeto Arquitet\u00f4nico;<\/li><li>Projeto de Interiores;<\/li><li>Projeto Paisag\u00edstico;<\/li><li>Projeto El\u00e9trico;<\/li><li>Projeto Hidrossanit\u00e1rio;<\/li><li>Projeto Estrutural;<\/li><li>Projeto de regulariza\u00e7\u00e3o;<\/li><li>Projeto de preven\u00e7\u00e3o e combate a inc\u00eandio<\/li><li>Consultoria<\/li><\/ul>\n\n\n\n<p>Telefone: (83) 2101-1310<\/p>\n\n\n\n<ul class=\"wp-block-social-links is-layout-flex wp-block-social-links-is-layout-flex\">\n\n\n\n<li class=\"wp-social-link wp-social-link-mail  wp-block-social-link\"><a href=\"mailto:fa&#108;&#101;&#099;&#111;&#110;osc&#111;&#064;&#097;l&#105;&#099;&#101;&#114;&#099;&#101;jr&#046;co&#109;\" class=\"wp-block-social-link-anchor\"><svg width=\"24\" height=\"24\" viewBox=\"0 0 24 24\" version=\"1.1\" xmlns=\"http:\/\/www.w3.org\/2000\/svg\" aria-hidden=\"true\" focusable=\"false\"><path d=\"M19,5H5c-1.1,0-2,.9-2,2v10c0,1.1.9,2,2,2h14c1.1,0,2-.9,2-2V7c0-1.1-.9-2-2-2zm.5,12c0,.3-.2.5-.5.5H5c-.3,0-.5-.2-.5-.5V9.8l7.5,5.6,7.5-5.6V17zm0-9.1L12,13.6,4.5,7.9V7c0-.3.2-.5.5-.5h14c.3,0,.5.2.5.5v.9z\"><\/path><\/svg><span class=\"wp-block-social-link-label screen-reader-text\">E-mail<\/span><\/a><\/li><\/ul>\n<\/div><\/div>\n\n\n\n<div class=\"wp-block-media-text alignwide is-stacked-on-mobile\" style=\"grid-template-columns:31% auto\"><figure class=\"wp-block-media-text__media\"><img loading=\"lazy\" decoding=\"async\" width=\"1024\" height=\"1024\" src=\"https:\/\/nitt.ufcg.edu.br\/wp-content\/uploads\/2021\/10\/99431947_2716556745294413_1616515721871753216_n-1-1024x1024.png\" alt=\"\" class=\"wp-image-2142 size-full\" srcset=\"https:\/\/nitt.ufcg.edu.br\/wp-content\/uploads\/2021\/10\/99431947_2716556745294413_1616515721871753216_n-1-1024x1024.png 1024w, https:\/\/nitt.ufcg.edu.br\/wp-content\/uploads\/2021\/10\/99431947_2716556745294413_1616515721871753216_n-1-300x300.png 300w, https:\/\/nitt.ufcg.edu.br\/wp-content\/uploads\/2021\/10\/99431947_2716556745294413_1616515721871753216_n-1-150x150.png 150w, https:\/\/nitt.ufcg.edu.br\/wp-content\/uploads\/2021\/10\/99431947_2716556745294413_1616515721871753216_n-1-768x768.png 768w, https:\/\/nitt.ufcg.edu.br\/wp-content\/uploads\/2021\/10\/99431947_2716556745294413_1616515721871753216_n-1-250x250.png 250w, https:\/\/nitt.ufcg.edu.br\/wp-content\/uploads\/2021\/10\/99431947_2716556745294413_1616515721871753216_n-1-174x174.png 174w, https:\/\/nitt.ufcg.edu.br\/wp-content\/uploads\/2021\/10\/99431947_2716556745294413_1616515721871753216_n-1.png 1079w\" sizes=\"auto, (max-width: 1024px) 100vw, 1024px\" \/><\/figure><div class=\"wp-block-media-text__content\">\n<p class=\"has-large-font-size\">Voltech Consultoria e Projetos El\u00e9tricos<\/p>\n\n\n\n<h2 class=\"wp-block-heading\">Curso Abrangido: Engenharia El\u00e9trica<\/h2>\n\n\n\n<p>Servi\u00e7os: https:\/\/drive.google.com\/file\/d\/1pzElreO68_9492C6HSlA2zyp8gCEzHlv\/view?usp=sharing<\/p>\n\n\n\n<p>Telefone: 83 9 9635-5604<\/p>\n\n\n\n<p>E-mail: voltech@ee.ufcg.edu.br<\/p>\n<\/div><\/div>\n\n\n\n<div class=\"wp-block-media-text alignwide is-stacked-on-mobile\" style=\"grid-template-columns:31% auto\"><figure class=\"wp-block-media-text__media\"><img loading=\"lazy\" decoding=\"async\" width=\"693\" height=\"592\" src=\"https:\/\/nitt.ufcg.edu.br\/wp-content\/uploads\/2021\/10\/Screenshot_79.png\" alt=\"\" class=\"wp-image-2147 size-full\" srcset=\"https:\/\/nitt.ufcg.edu.br\/wp-content\/uploads\/2021\/10\/Screenshot_79.png 693w, https:\/\/nitt.ufcg.edu.br\/wp-content\/uploads\/2021\/10\/Screenshot_79-300x256.png 300w\" sizes=\"auto, (max-width: 693px) 100vw, 693px\" \/><\/figure><div class=\"wp-block-media-text__content\">\n<p class=\"has-large-font-size\">TEQInova<\/p>\n\n\n\n<h2 class=\"wp-block-heading\">Curso Abrangido: Engenharia Qu\u00edmica<\/h2>\n\n\n\n<p>Servi\u00e7os: nossa \u00e1rea de atua\u00e7\u00e3o \u00e9 produ\u00e7\u00e3o e sustentabilidade, inova\u00e7\u00e3o e desenvolvimento, seguran\u00e7a do trabalho, recursos h\u00eddricos.<\/p>\n\n\n\n<p>Telefone: (83) 9 8136-2593<\/p>\n\n\n\n<p>E-mail: teqinova@eq.ufcg.edu.br<\/p>\n<\/div><\/div>\n","protected":false},"excerpt":{"rendered":"<p>Voltech Consultoria e Projetos El\u00e9tricos Curso Abrangido: Engenharia El\u00e9trica Servi\u00e7os: https:\/\/drive.google.com\/file\/d\/1pzElreO68_9492C6HSlA2zyp8gCEzHlv\/view?usp=sharing Telefone: 83 9 9635-5604 E-mail: voltech@ee.ufcg.edu.br TEQInova Curso Abrangido: Engenharia Qu\u00edmica Servi\u00e7os: nossa \u00e1rea de atua\u00e7\u00e3o \u00e9 produ\u00e7\u00e3o e sustentabilidade, inova\u00e7\u00e3o e desenvolvimento, seguran\u00e7a do trabalho, recursos h\u00eddricos. Telefone: (83) 9 8136-2593 E-mail: teqinova@eq.ufcg.edu.br<\/p>\n","protected":false},"author":6,"featured_media":0,"parent":0,"menu_order":0,"comment_status":"closed","ping_status":"closed","template":"","meta":{"footnotes":""},"class_list":["post-2069","page","type-page","status-publish","hentry"],"_links":{"self":[{"href":"https:\/\/nitt.ufcg.edu.br\/index.php?rest_route=\/wp\/v2\/pages\/2069","targetHints":{"allow":["GET"]}}],"collection":[{"href":"https:\/\/nitt.ufcg.edu.br\/index.php?rest_route=\/wp\/v2\/pages"}],"about":[{"href":"https:\/\/nitt.ufcg.edu.br\/index.php?rest_route=\/wp\/v2\/types\/page"}],"author":[{"embeddable":true,"href":"https:\/\/nitt.ufcg.edu.br\/index.php?rest_route=\/wp\/v2\/users\/6"}],"replies":[{"embeddable":true,"href":"https:\/\/nitt.ufcg.edu.br\/index.php?rest_route=%2Fwp%2Fv2%2Fcomments&post=2069"}],"version-history":[{"count":27,"href":"https:\/\/nitt.ufcg.edu.br\/index.php?rest_route=\/wp\/v2\/pages\/2069\/revisions"}],"predecessor-version":[{"id":2150,"href":"https:\/\/nitt.ufcg.edu.br\/index.php?rest_route=\/wp\/v2\/pages\/2069\/revisions\/2150"}],"wp:attachment":[{"href":"https:\/\/nitt.ufcg.edu.br\/index.php?rest_route=%2Fwp%2Fv2%2Fmedia&parent=2069"}],"curies":[{"name":"wp","href":"https:\/\/api.w.org\/{rel}","templated":true}]}}