{"id":2083,"date":"2021-10-18T14:47:00","date_gmt":"2021-10-18T17:47:00","guid":{"rendered":"https:\/\/nitt.ufcg.edu.br\/?page_id=2083"},"modified":"2021-10-18T16:11:38","modified_gmt":"2021-10-18T19:11:38","slug":"prestacao-de-servicos-tecnologicos","status":"publish","type":"page","link":"https:\/\/nitt.ufcg.edu.br\/?page_id=2083","title":{"rendered":"Presta\u00e7\u00e3o de servi\u00e7os Tecnol\u00f3gicos"},"content":{"rendered":"\n<p>Lista<\/p>\n","protected":false},"excerpt":{"rendered":"<p>Lista<\/p>\n","protected":false},"author":6,"featured_media":0,"parent":0,"menu_order":0,"comment_status":"closed","ping_status":"closed","template":"","meta":{"footnotes":""},"class_list":["post-2083","page","type-page","status-publish","hentry"],"_links":{"self":[{"href":"https:\/\/nitt.ufcg.edu.br\/index.php?rest_route=\/wp\/v2\/pages\/2083","targetHints":{"allow":["GET"]}}],"collection":[{"href":"https:\/\/nitt.ufcg.edu.br\/index.php?rest_route=\/wp\/v2\/pages"}],"about":[{"href":"https:\/\/nitt.ufcg.edu.br\/index.php?rest_route=\/wp\/v2\/types\/page"}],"author":[{"embeddable":true,"href":"https:\/\/nitt.ufcg.edu.br\/index.php?rest_route=\/wp\/v2\/users\/6"}],"replies":[{"embeddable":true,"href":"https:\/\/nitt.ufcg.edu.br\/index.php?rest_route=%2Fwp%2Fv2%2Fcomments&post=2083"}],"version-history":[{"count":3,"href":"https:\/\/nitt.ufcg.edu.br\/index.php?rest_route=\/wp\/v2\/pages\/2083\/revisions"}],"predecessor-version":[{"id":2096,"href":"https:\/\/nitt.ufcg.edu.br\/index.php?rest_route=\/wp\/v2\/pages\/2083\/revisions\/2096"}],"wp:attachment":[{"href":"https:\/\/nitt.ufcg.edu.br\/index.php?rest_route=%2Fwp%2Fv2%2Fmedia&parent=2083"}],"curies":[{"name":"wp","href":"https:\/\/api.w.org\/{rel}","templated":true}]}}