{"id":289,"date":"2017-08-22T13:11:06","date_gmt":"2017-08-22T16:11:06","guid":{"rendered":"https:\/\/nitt.ufcg.edu.br\/?page_id=289"},"modified":"2017-11-22T12:19:23","modified_gmt":"2017-11-22T14:19:23","slug":"comite-gestor","status":"publish","type":"page","link":"https:\/\/nitt.ufcg.edu.br\/?page_id=289","title":{"rendered":"Comit\u00ea Gestor"},"content":{"rendered":"<p><span style=\"font-size: 14pt;\">O Comit\u00ea Gestor do Programa de Inova\u00e7\u00e3o e Transfer\u00eancia de Tecnologia da Universidade Federal de Campina Grande tem sua estrutura e forma\u00e7\u00e3o baseada na <a href=\"http:\/\/www.ufcg.edu.br\/~costa\/resolucoes\/res_12022009.pdf\">Resolu\u00e7\u00e3o 02\/2009.<\/a><\/span><\/p>\n<p><img loading=\"lazy\" decoding=\"async\" class=\"aligncenter wp-image-388 size-full\" src=\"https:\/\/nitt.ufcg.edu.br\/wp-content\/uploads\/2017\/08\/ComiteGestor.png\" alt=\"ComiteGestor\" width=\"878\" height=\"592\" srcset=\"https:\/\/nitt.ufcg.edu.br\/wp-content\/uploads\/2017\/08\/ComiteGestor.png 878w, https:\/\/nitt.ufcg.edu.br\/wp-content\/uploads\/2017\/08\/ComiteGestor-300x202.png 300w, https:\/\/nitt.ufcg.edu.br\/wp-content\/uploads\/2017\/08\/ComiteGestor-768x518.png 768w\" sizes=\"auto, (max-width: 878px) 100vw, 878px\" \/><\/p>\n<p>As compet\u00eancias do Comit\u00ea restringem-se aos processos de inova\u00e7\u00e3o e de pesquisa cient\u00edfica e tecnol\u00f3gica regulados pela legisla\u00e7\u00e3o vigente.<\/p>\n","protected":false},"excerpt":{"rendered":"<p>O Comit\u00ea Gestor do Programa de Inova\u00e7\u00e3o e Transfer\u00eancia de Tecnologia da Universidade Federal de Campina Grande tem sua estrutura e forma\u00e7\u00e3o baseada na Resolu\u00e7\u00e3o 02\/2009. As compet\u00eancias do Comit\u00ea restringem-se aos processos de inova\u00e7\u00e3o e de pesquisa cient\u00edfica e tecnol\u00f3gica regulados pela legisla\u00e7\u00e3o vigente.<\/p>\n","protected":false},"author":1,"featured_media":0,"parent":0,"menu_order":0,"comment_status":"closed","ping_status":"closed","template":"template-fullwidth.php","meta":{"footnotes":""},"class_list":["post-289","page","type-page","status-publish","hentry"],"_links":{"self":[{"href":"https:\/\/nitt.ufcg.edu.br\/index.php?rest_route=\/wp\/v2\/pages\/289","targetHints":{"allow":["GET"]}}],"collection":[{"href":"https:\/\/nitt.ufcg.edu.br\/index.php?rest_route=\/wp\/v2\/pages"}],"about":[{"href":"https:\/\/nitt.ufcg.edu.br\/index.php?rest_route=\/wp\/v2\/types\/page"}],"author":[{"embeddable":true,"href":"https:\/\/nitt.ufcg.edu.br\/index.php?rest_route=\/wp\/v2\/users\/1"}],"replies":[{"embeddable":true,"href":"https:\/\/nitt.ufcg.edu.br\/index.php?rest_route=%2Fwp%2Fv2%2Fcomments&post=289"}],"version-history":[{"count":12,"href":"https:\/\/nitt.ufcg.edu.br\/index.php?rest_route=\/wp\/v2\/pages\/289\/revisions"}],"predecessor-version":[{"id":1102,"href":"https:\/\/nitt.ufcg.edu.br\/index.php?rest_route=\/wp\/v2\/pages\/289\/revisions\/1102"}],"wp:attachment":[{"href":"https:\/\/nitt.ufcg.edu.br\/index.php?rest_route=%2Fwp%2Fv2%2Fmedia&parent=289"}],"curies":[{"name":"wp","href":"https:\/\/api.w.org\/{rel}","templated":true}]}}