{"id":45,"date":"2017-08-21T15:28:11","date_gmt":"2017-08-21T18:28:11","guid":{"rendered":"https:\/\/nitt.ufcg.edu.br\/?page_id=45"},"modified":"2018-01-03T15:52:53","modified_gmt":"2018-01-03T17:52:53","slug":"estrutura-organizacional","status":"publish","type":"page","link":"https:\/\/nitt.ufcg.edu.br\/?page_id=45","title":{"rendered":"Estrutura Organizacional"},"content":{"rendered":"<p style=\"text-align: justify;\">O NITT est\u00e1 estruturado de acordo com o Regimento Interno definido na \u00a0Resolu\u00e7\u00e3o N\u00b0 13\/2010 &#8211; UFCG. Tem como responsabilidade a\u00a0\u00a0implementa\u00e7\u00e3o, execu\u00e7\u00e3o e gest\u00e3o da pol\u00edtica de inova\u00e7\u00e3o e transfer\u00eancia de tecnologia no \u00e2mbito do Programa de Inova\u00e7\u00e3o e Transfer\u00eancia de Tecnologia da Universidade Federal de Campina Grande \u2013 UFCG.<\/p>\n<h4><b>Compete ao NITT \u2013<span style=\"text-decoration: underline;\"><span style=\"color: #3366ff; text-decoration: underline;\"><a style=\"color: #3366ff; text-decoration: underline;\" href=\"http:\/\/www.ufcg.edu.br\/~costa\/resolucoes\/res_12132010.pdf\"> Resolu\u00e7\u00e3o N\u00b0 13\/2010<\/a><\/span><\/span> em conformidade com a<span style=\"color: #3366ff;\">\u00a0<a style=\"color: #3366ff;\" href=\"http:\/\/www.planalto.gov.br\/CCIVIL_03\/_Ato2015-2018\/2016\/Lei\/L13243.htm\">Lei n\u00b0 13.243\/1<\/a>6,\u00a0<\/span> Art. 16 <\/b><\/h4>\n<p><a href=\"https:\/\/nitt.ufcg.edu.br\/wp-content\/uploads\/2017\/08\/Competncias_Nitt.png\"><img loading=\"lazy\" decoding=\"async\" class=\"aligncenter wp-image-293 size-full\" src=\"https:\/\/nitt.ufcg.edu.br\/wp-content\/uploads\/2017\/08\/Competncias_Nitt.png\" alt=\"Competncias_Nitt\" width=\"943\" height=\"647\" srcset=\"https:\/\/nitt.ufcg.edu.br\/wp-content\/uploads\/2017\/08\/Competncias_Nitt.png 943w, https:\/\/nitt.ufcg.edu.br\/wp-content\/uploads\/2017\/08\/Competncias_Nitt-300x206.png 300w, https:\/\/nitt.ufcg.edu.br\/wp-content\/uploads\/2017\/08\/Competncias_Nitt-768x527.png 768w\" sizes=\"auto, (max-width: 943px) 100vw, 943px\" \/><\/a><\/p>\n<h4><strong>A Estrutura Organizacional do NITT:<\/strong><\/h4>\n<p><a href=\"https:\/\/nitt.ufcg.edu.br\/wp-content\/uploads\/2017\/08\/EstruturaOrganizacional.png\"><img loading=\"lazy\" decoding=\"async\" class=\"aligncenter wp-image-367 size-full\" src=\"https:\/\/nitt.ufcg.edu.br\/wp-content\/uploads\/2017\/08\/EstruturaOrganizacional.png\" alt=\"EstruturaOrganizacional\" width=\"817\" height=\"592\" srcset=\"https:\/\/nitt.ufcg.edu.br\/wp-content\/uploads\/2017\/08\/EstruturaOrganizacional.png 817w, https:\/\/nitt.ufcg.edu.br\/wp-content\/uploads\/2017\/08\/EstruturaOrganizacional-300x217.png 300w, https:\/\/nitt.ufcg.edu.br\/wp-content\/uploads\/2017\/08\/EstruturaOrganizacional-768x556.png 768w\" sizes=\"auto, (max-width: 817px) 100vw, 817px\" \/><\/a><\/p>\n<h4><strong>Atribui\u00e7\u00f5es e compet\u00eancias da Coordena\u00e7\u00e3o do NITT:<\/strong><\/h4>\n<p><a href=\"https:\/\/nitt.ufcg.edu.br\/wp-content\/uploads\/2017\/08\/AtribuicoesCoordenador.png\"><img loading=\"lazy\" decoding=\"async\" class=\"alignnone wp-image-370 size-full\" src=\"https:\/\/nitt.ufcg.edu.br\/wp-content\/uploads\/2017\/08\/AtribuicoesCoordenador.png\" alt=\"AtribuicoesCoordenador\" width=\"951\" height=\"601\" srcset=\"https:\/\/nitt.ufcg.edu.br\/wp-content\/uploads\/2017\/08\/AtribuicoesCoordenador.png 951w, https:\/\/nitt.ufcg.edu.br\/wp-content\/uploads\/2017\/08\/AtribuicoesCoordenador-300x190.png 300w, https:\/\/nitt.ufcg.edu.br\/wp-content\/uploads\/2017\/08\/AtribuicoesCoordenador-768x485.png 768w\" sizes=\"auto, (max-width: 951px) 100vw, 951px\" \/><\/a><\/p>\n<h4><strong>Atribui\u00e7\u00f5es e compet\u00eancias da Secretaria do NITT:<\/strong><\/h4>\n<p><a href=\"https:\/\/nitt.ufcg.edu.br\/wp-content\/uploads\/2017\/08\/AtribuicoesSecretaria.png\"><img loading=\"lazy\" decoding=\"async\" class=\"aligncenter wp-image-372 size-full\" src=\"https:\/\/nitt.ufcg.edu.br\/wp-content\/uploads\/2017\/08\/AtribuicoesSecretaria.png\" alt=\"AtribuicoesSecretaria\" width=\"887\" height=\"632\" srcset=\"https:\/\/nitt.ufcg.edu.br\/wp-content\/uploads\/2017\/08\/AtribuicoesSecretaria.png 887w, https:\/\/nitt.ufcg.edu.br\/wp-content\/uploads\/2017\/08\/AtribuicoesSecretaria-300x214.png 300w, https:\/\/nitt.ufcg.edu.br\/wp-content\/uploads\/2017\/08\/AtribuicoesSecretaria-768x547.png 768w, https:\/\/nitt.ufcg.edu.br\/wp-content\/uploads\/2017\/08\/AtribuicoesSecretaria-400x284.png 400w\" sizes=\"auto, (max-width: 887px) 100vw, 887px\" \/><\/a><\/p>\n<h4><strong>Atribui\u00e7\u00f5es e compet\u00eancias da Assessoria de Propriedade Intelectual do NITT:<\/strong><\/h4>\n<p><a href=\"https:\/\/nitt.ufcg.edu.br\/wp-content\/uploads\/2017\/08\/AtribuicoesAssesordePI.png\"><img loading=\"lazy\" decoding=\"async\" class=\"aligncenter wp-image-374 size-full\" src=\"https:\/\/nitt.ufcg.edu.br\/wp-content\/uploads\/2017\/08\/AtribuicoesAssesordePI.png\" alt=\"AtribuicoesAssesordePI\" width=\"901\" height=\"598\" srcset=\"https:\/\/nitt.ufcg.edu.br\/wp-content\/uploads\/2017\/08\/AtribuicoesAssesordePI.png 901w, https:\/\/nitt.ufcg.edu.br\/wp-content\/uploads\/2017\/08\/AtribuicoesAssesordePI-300x199.png 300w, https:\/\/nitt.ufcg.edu.br\/wp-content\/uploads\/2017\/08\/AtribuicoesAssesordePI-768x510.png 768w\" sizes=\"auto, (max-width: 901px) 100vw, 901px\" \/><\/a><\/p>\n<h4><strong>Atribui\u00e7\u00f5es e compet\u00eancias da Assessoria de Informa\u00e7\u00e3o Tecnol\u00f3gica do NITT:<\/strong><\/h4>\n<p><a href=\"https:\/\/nitt.ufcg.edu.br\/wp-content\/uploads\/2017\/08\/AtribuicoesAssesordeIT.png\"><img loading=\"lazy\" decoding=\"async\" class=\"aligncenter wp-image-375 size-full\" src=\"https:\/\/nitt.ufcg.edu.br\/wp-content\/uploads\/2017\/08\/AtribuicoesAssesordeIT.png\" alt=\"AtribuicoesAssesordeIT\" width=\"910\" height=\"618\" srcset=\"https:\/\/nitt.ufcg.edu.br\/wp-content\/uploads\/2017\/08\/AtribuicoesAssesordeIT.png 910w, https:\/\/nitt.ufcg.edu.br\/wp-content\/uploads\/2017\/08\/AtribuicoesAssesordeIT-300x204.png 300w, https:\/\/nitt.ufcg.edu.br\/wp-content\/uploads\/2017\/08\/AtribuicoesAssesordeIT-768x522.png 768w\" sizes=\"auto, (max-width: 910px) 100vw, 910px\" \/><\/a><\/p>\n<h4><strong>Atribui\u00e7\u00f5es e compet\u00eancias da Assessoria de Transfer\u00eancia Tecnol\u00f3gica do NITT:<\/strong><\/h4>\n<p><a href=\"https:\/\/nitt.ufcg.edu.br\/wp-content\/uploads\/2017\/08\/AtribuicoesAssesordeTT.png\"><img loading=\"lazy\" decoding=\"async\" class=\"aligncenter wp-image-376 size-full\" src=\"https:\/\/nitt.ufcg.edu.br\/wp-content\/uploads\/2017\/08\/AtribuicoesAssesordeTT.png\" alt=\"AtribuicoesAssesordeTT\" width=\"980\" height=\"590\" srcset=\"https:\/\/nitt.ufcg.edu.br\/wp-content\/uploads\/2017\/08\/AtribuicoesAssesordeTT.png 980w, https:\/\/nitt.ufcg.edu.br\/wp-content\/uploads\/2017\/08\/AtribuicoesAssesordeTT-300x181.png 300w, https:\/\/nitt.ufcg.edu.br\/wp-content\/uploads\/2017\/08\/AtribuicoesAssesordeTT-768x462.png 768w\" sizes=\"auto, (max-width: 980px) 100vw, 980px\" \/><\/a><\/p>\n<h4><strong>Atribui\u00e7\u00f5es e compet\u00eancias da Assessoria Consultiva em Direito de Propiedade Intelectual NITT:<\/strong><\/h4>\n<p><a href=\"https:\/\/nitt.ufcg.edu.br\/wp-content\/uploads\/2017\/08\/AtribuicoesAssesorConsultivoDPI.png\"><img loading=\"lazy\" decoding=\"async\" class=\"aligncenter wp-image-377 size-full\" src=\"https:\/\/nitt.ufcg.edu.br\/wp-content\/uploads\/2017\/08\/AtribuicoesAssesorConsultivoDPI.png\" alt=\"AtribuicoesAssesorConsultivoDPI\" width=\"935\" height=\"592\" srcset=\"https:\/\/nitt.ufcg.edu.br\/wp-content\/uploads\/2017\/08\/AtribuicoesAssesorConsultivoDPI.png 935w, https:\/\/nitt.ufcg.edu.br\/wp-content\/uploads\/2017\/08\/AtribuicoesAssesorConsultivoDPI-300x190.png 300w, https:\/\/nitt.ufcg.edu.br\/wp-content\/uploads\/2017\/08\/AtribuicoesAssesorConsultivoDPI-768x486.png 768w\" sizes=\"auto, (max-width: 935px) 100vw, 935px\" \/><\/a><\/p>\n<h5 style=\"text-align: justify;\">Os casos omissos, do Regimento, ser\u00e3o dirimidos pelo Reitor, ouvindo a Procuradoria Federal. O\u00a0Regimento s\u00f3 poder\u00e1 ser modificado no todo ou em parte, por proposta do NITT, ouvido o Reitor e com a aprova\u00e7\u00e3o do Comit\u00ea Gestor.<\/h5>\n","protected":false},"excerpt":{"rendered":"<p>O NITT est\u00e1 estruturado de acordo com o Regimento Interno definido na \u00a0Resolu\u00e7\u00e3o N\u00b0 13\/2010 &#8211; UFCG. Tem como responsabilidade a\u00a0\u00a0implementa\u00e7\u00e3o, execu\u00e7\u00e3o e gest\u00e3o da pol\u00edtica de inova\u00e7\u00e3o e transfer\u00eancia de tecnologia no \u00e2mbito do Programa de Inova\u00e7\u00e3o e Transfer\u00eancia de Tecnologia da Universidade Federal de Campina Grande \u2013 UFCG. Compete ao NITT \u2013 Resolu\u00e7\u00e3o<a href=\"https:\/\/nitt.ufcg.edu.br\/?page_id=45\">[&#8230;]<\/a><\/p>\n","protected":false},"author":1,"featured_media":0,"parent":0,"menu_order":0,"comment_status":"closed","ping_status":"closed","template":"template-fullwidth.php","meta":{"footnotes":""},"class_list":["post-45","page","type-page","status-publish","hentry"],"_links":{"self":[{"href":"https:\/\/nitt.ufcg.edu.br\/index.php?rest_route=\/wp\/v2\/pages\/45","targetHints":{"allow":["GET"]}}],"collection":[{"href":"https:\/\/nitt.ufcg.edu.br\/index.php?rest_route=\/wp\/v2\/pages"}],"about":[{"href":"https:\/\/nitt.ufcg.edu.br\/index.php?rest_route=\/wp\/v2\/types\/page"}],"author":[{"embeddable":true,"href":"https:\/\/nitt.ufcg.edu.br\/index.php?rest_route=\/wp\/v2\/users\/1"}],"replies":[{"embeddable":true,"href":"https:\/\/nitt.ufcg.edu.br\/index.php?rest_route=%2Fwp%2Fv2%2Fcomments&post=45"}],"version-history":[{"count":24,"href":"https:\/\/nitt.ufcg.edu.br\/index.php?rest_route=\/wp\/v2\/pages\/45\/revisions"}],"predecessor-version":[{"id":1556,"href":"https:\/\/nitt.ufcg.edu.br\/index.php?rest_route=\/wp\/v2\/pages\/45\/revisions\/1556"}],"wp:attachment":[{"href":"https:\/\/nitt.ufcg.edu.br\/index.php?rest_route=%2Fwp%2Fv2%2Fmedia&parent=45"}],"curies":[{"name":"wp","href":"https:\/\/api.w.org\/{rel}","templated":true}]}}