{"id":47,"date":"2017-08-21T15:28:19","date_gmt":"2017-08-21T18:28:19","guid":{"rendered":"https:\/\/nitt.ufcg.edu.br\/?page_id=47"},"modified":"2017-11-22T12:19:11","modified_gmt":"2017-11-22T14:19:11","slug":"boletim","status":"publish","type":"page","link":"https:\/\/nitt.ufcg.edu.br\/?page_id=47","title":{"rendered":"Boletim"},"content":{"rendered":"<p><b>Boletim de Oportunidades<\/b><\/p>\n<p style=\"text-align: justify;\">Com o objetivo de auxiliar os pesquisadores da UFCG e o p\u00fablico empresarial que desejam desenvolver pesquisas com vistas ao desenvolvimento tecnol\u00f3gico, o N\u00facleo de Inova\u00e7\u00e3o e Transfer\u00eancia de Tecnol\u00f3gica (NITT) divulga periodicamente as oportunidades de financiamento (editais) de projetos com foco em inova\u00e7\u00e3o, oriundas de ag\u00eancias de fomento como Fapesq, Finep, CNPq, Capes, BNDES, SEBRAE entre outras.<\/p>\n<p>PARA PESQUISADORES<\/p>\n<p>BNDES<\/p>\n<p>CAPES<\/p>\n<p>CNPq<\/p>\n<p>Outros<\/p>\n<h3><span style=\"color: #3366ff;\"><strong>Chamadas encerradas<\/strong><\/span><\/h3>\n<p>PARA EMPRESAS<\/p>\n<p>BNDES<\/p>\n<p>FAPESQ<\/p>\n<p>FINEP<\/p>\n<p>SEBRAE<\/p>\n<p>Outros<\/p>\n<p><span style=\"color: #3366ff;\"><strong>\u00a0Chamadas encerradas<\/strong><\/span><\/p>\n","protected":false},"excerpt":{"rendered":"<p>Boletim de Oportunidades Com o objetivo de auxiliar os pesquisadores da UFCG e o p\u00fablico empresarial que desejam desenvolver pesquisas com vistas ao desenvolvimento tecnol\u00f3gico, o N\u00facleo de Inova\u00e7\u00e3o e Transfer\u00eancia de Tecnol\u00f3gica (NITT) divulga periodicamente as oportunidades de financiamento (editais) de projetos com foco em inova\u00e7\u00e3o, oriundas de ag\u00eancias de fomento como Fapesq, Finep,<a href=\"https:\/\/nitt.ufcg.edu.br\/?page_id=47\">[&#8230;]<\/a><\/p>\n","protected":false},"author":1,"featured_media":0,"parent":0,"menu_order":0,"comment_status":"closed","ping_status":"closed","template":"template-fullwidth.php","meta":{"footnotes":""},"class_list":["post-47","page","type-page","status-publish","hentry"],"_links":{"self":[{"href":"https:\/\/nitt.ufcg.edu.br\/index.php?rest_route=\/wp\/v2\/pages\/47","targetHints":{"allow":["GET"]}}],"collection":[{"href":"https:\/\/nitt.ufcg.edu.br\/index.php?rest_route=\/wp\/v2\/pages"}],"about":[{"href":"https:\/\/nitt.ufcg.edu.br\/index.php?rest_route=\/wp\/v2\/types\/page"}],"author":[{"embeddable":true,"href":"https:\/\/nitt.ufcg.edu.br\/index.php?rest_route=\/wp\/v2\/users\/1"}],"replies":[{"embeddable":true,"href":"https:\/\/nitt.ufcg.edu.br\/index.php?rest_route=%2Fwp%2Fv2%2Fcomments&post=47"}],"version-history":[{"count":12,"href":"https:\/\/nitt.ufcg.edu.br\/index.php?rest_route=\/wp\/v2\/pages\/47\/revisions"}],"predecessor-version":[{"id":1473,"href":"https:\/\/nitt.ufcg.edu.br\/index.php?rest_route=\/wp\/v2\/pages\/47\/revisions\/1473"}],"wp:attachment":[{"href":"https:\/\/nitt.ufcg.edu.br\/index.php?rest_route=%2Fwp%2Fv2%2Fmedia&parent=47"}],"curies":[{"name":"wp","href":"https:\/\/api.w.org\/{rel}","templated":true}]}}