{"id":51,"date":"2017-08-21T15:28:37","date_gmt":"2017-08-21T18:28:37","guid":{"rendered":"https:\/\/nitt.ufcg.edu.br\/?page_id=51"},"modified":"2025-03-09T17:23:09","modified_gmt":"2025-03-09T20:23:09","slug":"equipe","status":"publish","type":"page","link":"https:\/\/nitt.ufcg.edu.br\/?page_id=51","title":{"rendered":"Equipe"},"content":{"rendered":"<hr \/>\n<p><strong>Jos\u00e9 Irivaldo Alves Oliveira Silva\u00a0<\/strong><\/p>\n<p>Coordenador do N\u00facleo de Inova\u00e7\u00e3o e Transfer\u00eancia de Tecnologia<br \/>\nProfessor da Unidade Acad\u00eamica de Gest\u00e3o P\u00fablica &#8211; CDSA<\/p>\n<p>Contato: (83) 2101-1601<\/p>\n<p>Email: <span style=\"color: #0000ff;\">nitt@setor.ufcg.edu.br\u00a0<\/span><\/p>\n<hr \/>\n<p><b>M\u00e1rcia<\/b><strong>\u00a0Marinho Silva<\/strong><\/p>\n<p>Secret\u00e1ria Executiva do N\u00facleo de Inova\u00e7\u00e3o e Transfer\u00eancia de Tecnologia<\/p>\n<p>Contato:<\/p>\n<p>Email: <span style=\"color: #0000ff;\">nitt@setor.ufcg.edu.br\u00a0<\/span><br \/>\nTel.: (83) 2101 &#8211; 1601<\/p>\n<p><b>Andrey da Silva Gon\u00e7alves<\/b><\/p>\n<p>Assistente em Administra\u00e7\u00e3o do N\u00facleo de Inova\u00e7\u00e3o e Transfer\u00eancia de Tecnologia<\/p>\n<p>Contato:<\/p>\n<p>Email: <span style=\"color: #0000ff;\">nitt@setor.ufcg.edu.br\u00a0<\/span><br \/>\nTel.: (83) 2101 &#8211; 1601<\/p>\n<hr \/>\n<p><strong>Maria Luiza dos Santos<\/strong> \u2013<\/p>\n<p>Assessora de Direito de Propriedade Intelectual<\/p>\n<p>Servidora t\u00e9cnica administrativa da Procuradoria Federal da UFCG<\/p>\n<p>Email:\u00a0<a href=\"mailto:nilton@eq.ufcg.edu.br\">marial.soares@agu.gov.br, mlssdireito@gmail.com<\/a><br \/>\nTel.: (83) 2101 \u2013 1115, ramal 29<\/p>\n<hr \/>\n<p><strong>Jean C\u00e9sar Farias de Queiroz<\/strong><\/p>\n<p>Coordenador Subsede &#8211; NITT\/UFCG &#8211; Sum\u00e9<br \/>\nProfessor da Unidade Acad\u00eamica de Engenharia\u00a0 de Biotecnologia \u2013 UAEB\/CDSA<\/p>\n<p>Contato:<\/p>\n<p>Email: <a href=\"mailto:queiroz@ufcg.edu.br\">queiroz@ufcg.edu.br<\/a><\/p>\n<hr \/>\n<p><strong>M\u00f4nica Correia Gon\u00e7alves<a href=\"https:\/\/meuip.co\/\" target=\"_blank\" rel=\"noopener\"><img decoding=\"async\" src=\"https:\/\/meuip.co\/imagens\/banner.gif\" alt=\"meuip\" border=\"0\" \/><\/a><\/strong><\/p>\n<p>Coordenador Subsede &#8211; NITT\/UFCG &#8211; Pombal<br \/>\nProfessor da Unidade Acad\u00eamica de Engenharia de Alimentos &#8211; UAEA\/CCTA<\/p>\n<p>Contato:<\/p>\n<p>Email: <span class=\"qu\" tabindex=\"-1\" role=\"gridcell\" translate=\"no\"><span class=\"go\"><span style=\"color: #3366ff;\">mnygoncalves@gmail.com<\/span>\u00a0<\/span><\/span><\/p>\n<hr \/>\n<p><strong>Magn\u00f3lia de Ara\u00fajo Campos<\/strong><\/p>\n<p>Coordenador Subsede &#8211; NITT\/UFCG &#8211; Cuit\u00e9<br \/>\nProfessor da Unidade Acad\u00eamica de Biologia e Qu\u00edmica &#8211; UABQ\/CES<\/p>\n<p>Contato:<\/p>\n<p>Email: <a href=\"mailto:magnoliacp@gmail.com\">magnoliacp@gmail.com<\/a><\/p>\n<hr \/>\n<p><strong>Edilson Leite da Silva<\/strong><\/p>\n<p>Coordenador Subsede &#8211; NITT\/UFCG &#8211; Cajazeiras<br \/>\nProfessor da Unidade Acad\u00eamica de Ci\u00eancias Exatas e da Natureza &#8211; UACEN\/CFP<\/p>\n<p>Contato:<\/p>\n<p>Email: s<a href=\"mailto:ouedilsonleite@gmail.com\">ouedilsonleite@gmail.com<\/a><\/p>\n<hr \/>\n<p><strong>Ant\u00f4nio Amador de Sousa<\/strong><\/p>\n<p>Coordenador Subsede &#8211; NITT\/UFCG &#8211; Patos<br \/>\nProfessor da Unidade Acad\u00eamica de Engenharia Florestal &#8211; UAEF\/CSTR)<\/p>\n<p>Contato:<\/p>\n<p>Email: <a href=\"mailto:aasousavini@uol.com.br\">aasousavini@uol.com.br<\/a><\/p>\n<hr \/>\n","protected":false},"excerpt":{"rendered":"<p>Jos\u00e9 Irivaldo Alves Oliveira Silva\u00a0 Coordenador do N\u00facleo de Inova\u00e7\u00e3o e Transfer\u00eancia de Tecnologia Professor da Unidade Acad\u00eamica de Gest\u00e3o P\u00fablica &#8211; CDSA Contato: (83) 2101-1601 Email: nitt@setor.ufcg.edu.br\u00a0 M\u00e1rcia\u00a0Marinho Silva Secret\u00e1ria Executiva do N\u00facleo de Inova\u00e7\u00e3o e Transfer\u00eancia de Tecnologia Contato: Email: nitt@setor.ufcg.edu.br\u00a0 Tel.: (83) 2101 &#8211; 1601 Andrey da Silva Gon\u00e7alves Assistente em Administra\u00e7\u00e3o<a href=\"https:\/\/nitt.ufcg.edu.br\/?page_id=51\">[&#8230;]<\/a><\/p>\n","protected":false},"author":1,"featured_media":0,"parent":0,"menu_order":0,"comment_status":"closed","ping_status":"closed","template":"template-fullwidth.php","meta":{"footnotes":""},"class_list":["post-51","page","type-page","status-publish","hentry"],"_links":{"self":[{"href":"https:\/\/nitt.ufcg.edu.br\/index.php?rest_route=\/wp\/v2\/pages\/51","targetHints":{"allow":["GET"]}}],"collection":[{"href":"https:\/\/nitt.ufcg.edu.br\/index.php?rest_route=\/wp\/v2\/pages"}],"about":[{"href":"https:\/\/nitt.ufcg.edu.br\/index.php?rest_route=\/wp\/v2\/types\/page"}],"author":[{"embeddable":true,"href":"https:\/\/nitt.ufcg.edu.br\/index.php?rest_route=\/wp\/v2\/users\/1"}],"replies":[{"embeddable":true,"href":"https:\/\/nitt.ufcg.edu.br\/index.php?rest_route=%2Fwp%2Fv2%2Fcomments&post=51"}],"version-history":[{"count":54,"href":"https:\/\/nitt.ufcg.edu.br\/index.php?rest_route=\/wp\/v2\/pages\/51\/revisions"}],"predecessor-version":[{"id":11489,"href":"https:\/\/nitt.ufcg.edu.br\/index.php?rest_route=\/wp\/v2\/pages\/51\/revisions\/11489"}],"wp:attachment":[{"href":"https:\/\/nitt.ufcg.edu.br\/index.php?rest_route=%2Fwp%2Fv2%2Fmedia&parent=51"}],"curies":[{"name":"wp","href":"https:\/\/api.w.org\/{rel}","templated":true}]}}