{"id":925,"date":"2017-09-03T19:30:41","date_gmt":"2017-09-03T22:30:41","guid":{"rendered":"https:\/\/nitt.ufcg.edu.br\/?page_id=925"},"modified":"2017-09-12T20:58:31","modified_gmt":"2017-09-12T23:58:31","slug":"acesso-restrito-sistema-nitt-ufcg","status":"publish","type":"page","link":"https:\/\/nitt.ufcg.edu.br\/?page_id=925","title":{"rendered":"Acesso restrito &#8211; sistema NITT-UFCG"},"content":{"rendered":"<p><img loading=\"lazy\" decoding=\"async\" class=\"aligncenter wp-image-934 size-full\" src=\"https:\/\/nitt.ufcg.edu.br\/wp-content\/uploads\/2017\/09\/area-acesso-restrito.png\" alt=\"area-acesso-restrito\" width=\"963\" height=\"312\" srcset=\"https:\/\/nitt.ufcg.edu.br\/wp-content\/uploads\/2017\/09\/area-acesso-restrito.png 963w, https:\/\/nitt.ufcg.edu.br\/wp-content\/uploads\/2017\/09\/area-acesso-restrito-300x97.png 300w, https:\/\/nitt.ufcg.edu.br\/wp-content\/uploads\/2017\/09\/area-acesso-restrito-768x249.png 768w\" sizes=\"auto, (max-width: 963px) 100vw, 963px\" \/><\/p>\n<h3 class=\"post-title entry-title\">\u00c1rea de acesso restrito<\/h3>\n<p>Esta \u00e1rea \u00e9 exclusivamente de uso interno do NITT. Portanto, s\u00f3 acessos autorizados ou parceiros credenciados t\u00eam permiss\u00e3o para acess\u00e1-la.<br \/>\n<div class=\"row\">\n<div class=\"col-md-4\">\n<a href=\"#\" class=\"btn btn-success btn-lg\"> NITT <\/a>\n<\/div>\n<div class=\"col-md-4\">\n<a href=\"https:\/\/nitt.ufcg.edu.br\/informacoes-do-nitt-para-a-reitoria\/\" class=\"btn btn-success btn-lg\"> REITORIA <\/a>\n<\/div>\n<div class=\"col-md-4\">\n<a href=\"#\" class=\"btn btn-success btn-lg\"> PaqTc-PB <\/a>\n<\/div>\n<\/div>\n<hr \/>\n<p>&nbsp;<\/p>\n","protected":false},"excerpt":{"rendered":"<p>\u00c1rea de acesso restrito Esta \u00e1rea \u00e9 exclusivamente de uso interno do NITT. Portanto, s\u00f3 acessos autorizados ou parceiros credenciados t\u00eam permiss\u00e3o para acess\u00e1-la. &nbsp;<\/p>\n","protected":false},"author":1,"featured_media":0,"parent":0,"menu_order":0,"comment_status":"closed","ping_status":"closed","template":"","meta":{"footnotes":""},"class_list":["post-925","page","type-page","status-publish","hentry"],"_links":{"self":[{"href":"https:\/\/nitt.ufcg.edu.br\/index.php?rest_route=\/wp\/v2\/pages\/925","targetHints":{"allow":["GET"]}}],"collection":[{"href":"https:\/\/nitt.ufcg.edu.br\/index.php?rest_route=\/wp\/v2\/pages"}],"about":[{"href":"https:\/\/nitt.ufcg.edu.br\/index.php?rest_route=\/wp\/v2\/types\/page"}],"author":[{"embeddable":true,"href":"https:\/\/nitt.ufcg.edu.br\/index.php?rest_route=\/wp\/v2\/users\/1"}],"replies":[{"embeddable":true,"href":"https:\/\/nitt.ufcg.edu.br\/index.php?rest_route=%2Fwp%2Fv2%2Fcomments&post=925"}],"version-history":[{"count":11,"href":"https:\/\/nitt.ufcg.edu.br\/index.php?rest_route=\/wp\/v2\/pages\/925\/revisions"}],"predecessor-version":[{"id":1114,"href":"https:\/\/nitt.ufcg.edu.br\/index.php?rest_route=\/wp\/v2\/pages\/925\/revisions\/1114"}],"wp:attachment":[{"href":"https:\/\/nitt.ufcg.edu.br\/index.php?rest_route=%2Fwp%2Fv2%2Fmedia&parent=925"}],"curies":[{"name":"wp","href":"https:\/\/api.w.org\/{rel}","templated":true}]}}